{"id":79254,"date":"2025-03-26T11:46:18","date_gmt":"2025-03-26T10:46:18","guid":{"rendered":"https:\/\/safeblood.tv\/?page_id=79254"},"modified":"2025-07-10T13:04:56","modified_gmt":"2025-07-10T11:04:56","slug":"todos-nuestros-nombres-de-dominio","status":"publish","type":"page","link":"https:\/\/safeblood.tv\/es\/todos-nuestros-nombres-de-dominio\/","title":{"rendered":"Todos nuestros nombres de dominio"},"content":{"rendered":"[vc_row type=\u00bbin_container\u00bb full_screen_row_position=\u00bbmiddle\u00bb column_margin=\u00bbdefault\u00bb column_direction=\u00bbdefault\u00bb column_direction_tablet=\u00bbdefault\u00bb column_direction_phone=\u00bbdefault\u00bb scene_position=\u00bbcenter\u00bb text_color=\u00bbdark\u00bb text_align=\u00bbleft\u00bb row_border_radius=\u00bbnone\u00bb row_border_radius_applies=\u00bbbg\u00bb overlay_strength=\u00bb0.3&#8243; gradient_direction=\u00bbleft_to_right\u00bb shape_divider_position=\u00bbbottom\u00bb bg_image_animation=\u00bbnone\u00bb][vc_column column_padding=\u00bbno-extra-padding\u00bb column_padding_tablet=\u00bbinherit\u00bb column_padding_phone=\u00bbinherit\u00bb column_padding_position=\u00bball\u00bb column_element_spacing=\u00bbdefault\u00bb background_color_opacity=\u00bb1&#8243; background_hover_color_opacity=\u00bb1&#8243; column_shadow=\u00bbnone\u00bb column_border_radius=\u00bbnone\u00bb column_link_target=\u00bb_self\u00bb gradient_direction=\u00bbleft_to_right\u00bb overlay_strength=\u00bb0.3&#8243; width=\u00bb1\/1&#8243; tablet_width_inherit=\u00bbdefault\u00bb tablet_text_alignment=\u00bbdefault\u00bb phone_text_alignment=\u00bbdefault\u00bb bg_image_animation=\u00bbnone\u00bb border_type=\u00bbsimple\u00bb column_border_width=\u00bbnone\u00bb column_border_style=\u00bbsolid\u00bb][vc_column_text]\n<p class=\"p1\"><strong>Todos nuestros nombres de dominio<\/strong><\/p>\n<p class=\"p1\">Hemos registrado alrededor de 100 nombres de dominio, de manera que se pueden identificar en todo el mundo. Si un sitio no es accesible, simplemente intenta a trav\u00e9s de otro. Por favor, <a href=\"mailto:info@safeblood.net\" target=\"_blank\" rel=\"noopener\">h\u00e1ganos saber<\/a> si vuestro sitio preferido en vuestro pa\u00eds est\u00e1 bloqueado.<\/p>\n<p class=\"p1\">Como os pod\u00e9is imaginar, estos dominios y su respectivo mantenimiento es uno de los factores costosos mayores de nuestra organizaci\u00f3n, pero os debemos este servicio.<\/p>\n<p class=\"p1\">Abajo encontr\u00e1is todos nuestros dominios, clasificados por proyecto, contenido y al final por todos dominios que geogr\u00e1ficamente no est\u00e1n asignados. El respectivo idioma depende de vuestro buscador, de manera que vuestra p\u00e1gina normalmente se abrir\u00e1 en el idioma elegido. Si no es el caso pod\u00e9is cambiar el idioma usando el men\u00fa arriba a la derecha. Algunas p\u00e1ginas de web de momento solo est\u00e1n disponibles en ingl\u00e9s.<\/p>\n<h2>SafeBlood<\/h2>\n<p><strong>AFRICA<\/strong><\/p>\n<p><a href=\"http:\/\/safeblood.africa\" target=\"_blank\" rel=\"noopener\">safeblood.africa<\/a><br \/>\n<a href=\"https:\/\/safeblood.co.za\" target=\"_blank\" rel=\"noopener\">safeblood.co.za<\/a><br \/>\n<a href=\"https:\/\/safeblood.co.zm\" target=\"_blank\" rel=\"noopener\">safeblood.co.zm<\/a><\/p>\n<p class=\"p1\"><strong>AM\u00c9RICA<\/strong><\/p>\n<p class=\"p1\"><em>Esta p\u00e1gina est\u00e1 disponible solo y exclusivamente para Estados Unidos: \u00a0<\/em><br \/>\n<a href=\"http:\/\/safeblood.com\" target=\"_blank\" rel=\"noopener\">safeblood.com<\/a><\/p>\n<p class=\"p1\"><em>Todos los dem\u00e1s dominios para el continente americano:<\/em><br \/>\n<a href=\"https:\/\/safeblood.net.br\" target=\"_blank\" rel=\"noopener\">safeblood.net.br<\/a><br \/>\n<a href=\"https:\/\/safeblood.ca\" target=\"_blank\" rel=\"noopener\">safeblood.ca<\/a><br \/>\n<a href=\"https:\/\/safeblood.mx\" target=\"_blank\" rel=\"noopener\">safeblood.mx<\/a><br \/>\n<a href=\"https:\/\/safeblood.us\" target=\"_blank\" rel=\"noopener\">safeblood.us<\/a><\/p>\n<p><strong>ASIA<\/strong><\/p>\n<p><a href=\"https:\/\/safeblood.ae\" target=\"_blank\" rel=\"noopener\">safeblood.ae<\/a><br \/>\n<a href=\"http:\/\/safeblood.asia\" target=\"_blank\" rel=\"noopener\">safeblood.asia<\/a><br \/>\n<a href=\"http:\/\/safeblood.cn\" target=\"_blank\" rel=\"noopener\">safeblood.cn<\/a><br \/>\n<a href=\"https:\/\/safeblood.com.cn\/\" target=\"_blank\" rel=\"noopener\">safeblood.com.cn<\/a><br \/>\n<a href=\"https:\/\/safeblood.net.cn\/\" target=\"_blank\" rel=\"noopener\">safeblood.net.cn<\/a><br \/>\n<a href=\"https:\/\/safeblood.org.cn\/\" target=\"_blank\" rel=\"noopener\">safeblood.org.cn<\/a><br \/>\n<a href=\"https:\/\/safeblood.in\" target=\"_blank\" rel=\"noopener\">safeblood.in<\/a><br \/>\n<a href=\"http:\/\/safeblood.in.th\" target=\"_blank\" rel=\"noopener\">safeblood.in.th<\/a><br \/>\n<a href=\"https:\/\/safeblood.jp\" target=\"_blank\" rel=\"noopener\">safeblood.jp<\/a><br \/>\n<a href=\"https:\/\/safeblood.my\" target=\"_blank\" rel=\"noopener\">safeblood.my<\/a><br \/>\n<a href=\"https:\/\/safeblood.ph\" target=\"_blank\" rel=\"noopener\">safeblood.ph<\/a><br \/>\n<a href=\"https:\/\/safeblood.ru\" target=\"_blank\" rel=\"noopener\">safeblood.ru<\/a><br \/>\n<a href=\"http:\/\/safeblood.in.th\" target=\"_blank\" rel=\"noopener\">\u0e40\u0e25\u0e37\u0e2d\u0e14\u0e17\u0e35\u0e48\u0e1b\u0e25\u0e2d\u0e14\u0e20\u0e31\u0e22.TH<\/a><br \/>\n<a href=\"http:\/\/safeblood.in.th\" target=\"_blank\" rel=\"noopener\">\u0e40\u0e25\u0e37\u0e2d\u0e14\u0e17\u0e35\u0e48\u0e1b\u0e25\u0e2d\u0e14\u0e20\u0e31\u0e22.\u0e44\u0e17\u0e22<\/a><\/p>\n<p><strong>AUSTRALIA\/OCEAN\u00cdA<\/strong><\/p>\n<p><a href=\"http:\/\/safeblood.au\" target=\"_blank\" rel=\"noopener\">safeblood.au<\/a><br \/>\n<a href=\"http:\/\/safeblood.nz\" target=\"_blank\" rel=\"noopener\">safeblood.nz<\/a><br \/>\n<a href=\"https:\/\/safeblood.tv\" target=\"_blank\" rel=\"noopener\">safeblood.tv<\/a><\/p>\n<p><strong>EUROPA<\/strong><\/p>\n<p><a href=\"http:\/\/safeblood.at\" target=\"_blank\" rel=\"noopener\">safeblood.at<\/a><br \/>\n<a href=\"http:\/\/safeblood.be\" target=\"_blank\" rel=\"noopener\">safeblood.be<\/a><br \/>\n<a href=\"https:\/\/safeblood.tv\/es\/\" target=\"_blank\" rel=\"noopener\">safeblood.ch<\/a><br \/>\n<a href=\"https:\/\/safeblood.cz\" target=\"_blank\" rel=\"noopener\">safeblood.cz<\/a><br \/>\n<a href=\"http:\/\/safeblood.de\" target=\"_blank\" rel=\"noopener\">safeblood.de<\/a><br \/>\n<a href=\"https:\/\/safeblood.dk\" target=\"_blank\" rel=\"noopener\">safeblood.dk<\/a><br \/>\n<a href=\"https:\/\/safeblood.es\" target=\"_blank\" rel=\"noopener\">safeblood.es<\/a><br \/>\n<a href=\"https:\/\/safeblood.fi\" target=\"_blank\" rel=\"noopener\">safeblood.fi<\/a><br \/>\n<a href=\"http:\/\/safeblood.fr\" target=\"_blank\" rel=\"noopener\">safeblood.fr<\/a><br \/>\n<a href=\"https:\/\/safeblood.hu\" target=\"_blank\" rel=\"noopener\">safeblood.hu<\/a><br \/>\n<a href=\"https:\/\/safeblood.ie\" target=\"_blank\" rel=\"noopener\">safeblood.ie<\/a> (pendiente)<br \/>\n<a href=\"http:\/\/safeblood.it\" target=\"_blank\" rel=\"noopener\">safeblood.it<\/a><br \/>\n<a href=\"https:\/\/safeblood.li\" target=\"_blank\" rel=\"noopener\">safeblood.li<\/a><br \/>\n<a href=\"http:\/\/safeblood.lu\" target=\"_blank\" rel=\"noopener\">safeblood.lu<\/a><br \/>\n<a href=\"http:\/\/safeblood.me\" target=\"_blank\" rel=\"noopener\">safeblood.me<\/a><br \/>\n<a href=\"https:\/\/safeblood.mt\/\" target=\"_blank\" rel=\"noopener\">safeblood.mt<\/a><br \/>\n<a href=\"http:\/\/safeblood.nl\" target=\"_blank\" rel=\"noopener\">safeblood.nl<\/a><br \/>\n<a href=\"https:\/\/safeblood.pl\/\" target=\"_blank\" rel=\"noopener\">safeblood.pl<\/a><br \/>\n<a href=\"https:\/\/safeblood.pt\/\" target=\"_blank\" rel=\"noopener\">safeblood.pt<\/a><br \/>\n<a href=\"https:\/\/safeblood.ro\/\" target=\"_blank\" rel=\"noopener\">safeblood.ro<\/a><br \/>\n<a href=\"https:\/\/safeblood.rs\" target=\"_blank\" rel=\"noopener\">safeblood.rs<\/a><br \/>\n<a href=\"https:\/\/safeblood.se\" target=\"_blank\" rel=\"noopener\">safeblood.se<\/a><br \/>\n<a href=\"https:\/\/safeblood.sk\" target=\"_blank\" rel=\"noopener\">safeblood.sk<\/a><br \/>\n<a href=\"http:\/\/safeblood.uk\" target=\"_blank\" rel=\"noopener\">safeblood.uk<\/a><\/p>\n<p><strong>Dominios mundiales y no espec\u00edficos de un pa\u00eds:<\/strong><\/p>\n<p class=\"p1\"><a href=\"https:\/\/blood.center\" target=\"_blank\" rel=\"noopener\">blood.center<\/a><br \/>\n<a href=\"https:\/\/safeblood.app\" target=\"_blank\" rel=\"noopener\">safeblood.app<\/a><br \/>\n<a href=\"https:\/\/safeblood.blog\" target=\"_blank\" rel=\"noopener\">safeblood.blog<\/a><br \/>\n<a href=\"https:\/\/safeblood.center\" target=\"_blank\" rel=\"noopener\">safeblood.center<\/a><br \/>\n<a href=\"https:\/\/safeblood.net\/\" target=\"_blank\" rel=\"noopener\">safeblood.charity<\/a><br \/>\n<a href=\"https:\/\/safeblood.family\" target=\"_blank\" rel=\"noopener\">safeblood.family<\/a><br \/>\n<a href=\"https:\/\/safeblood.global\" target=\"_blank\" rel=\"noopener\">safeblood.global<\/a><br \/>\n<a href=\"https:\/\/safeblood.health\" target=\"_blank\" rel=\"noopener\">safeblood.health<\/a><br \/>\n<a href=\"https:\/\/safeblood.healthcare\" target=\"_blank\" rel=\"noopener\">safeblood.healthcare<\/a><br \/>\n<a href=\"https:\/\/safeblood.info\" target=\"_blank\" rel=\"noopener\">safeblood.info<\/a><br \/>\n<a href=\"https:\/\/safeblood.international\" target=\"_blank\" rel=\"noopener\">safeblood.international<\/a><br \/>\n<a href=\"https:\/\/safeblood.life\" target=\"_blank\" rel=\"noopener\">safeblood.life<\/a><br \/>\n<a href=\"https:\/\/safeblood.live\" target=\"_blank\" rel=\"noopener\">safeblood.live<\/a><br \/>\n<a href=\"http:\/\/safeblood.net\/\" target=\"_blank\" rel=\"noopener\">safeblood.net<\/a><br \/>\n<a href=\"https:\/\/safeblood.ngo\/\" target=\"_blank\" rel=\"noopener\">safeblood.ngo<\/a><br \/>\n<a href=\"https:\/\/safeblood.online\" target=\"_blank\" rel=\"noopener\">safeblood.online<\/a><br \/>\n<a href=\"https:\/\/safeblood.org\" target=\"_blank\" rel=\"noopener\">safeblood.org<\/a><br \/>\n<a href=\"https:\/\/safeblood.store\" target=\"_blank\" rel=\"noopener\">safeblood.store<\/a><br \/>\n<a href=\"https:\/\/safeblood.world\" target=\"_blank\" rel=\"noopener\">safeblood.world<\/a><br \/>\n<a href=\"https:\/\/safebloodfoundation.com\" target=\"_blank\" rel=\"noopener\">safebloodfoundation.com<\/a><br \/>\n<a href=\"https:\/\/safebloodfoundation.org\" target=\"_blank\" rel=\"noopener\">safebloodfoundation.org<\/a><br \/>\n<a href=\"https:\/\/saveblood.africa\" target=\"_blank\" rel=\"noopener\">saveblood.africa<\/a><br \/>\n<a href=\"https:\/\/saveblood.ch\" target=\"_blank\" rel=\"noopener\">saveblood.ch<\/a><br \/>\n<a href=\"https:\/\/saveblood.info\" target=\"_blank\" rel=\"noopener\">saveblood.info<\/a><br \/>\n<a href=\"https:\/\/saveblood.net\" target=\"_blank\" rel=\"noopener\">saveblood.net<\/a><br \/>\n<a href=\"https:\/\/\u0441\u0430\u0444\u0435\u0431\u043b\u043e\u043e\u0434.org\" target=\"_blank\" rel=\"noopener\">\u0441\u0430\u0444\u0435\u0431\u043b\u043e\u043e\u0434.org<\/a><\/p>\n<h2>Safereproduction<\/h2>\n<p class=\"p1\"><a href=\"https:\/\/safereproduction.africa\" target=\"_blank\" rel=\"noopener\">safereproduction.africa<\/a><br \/>\n<a href=\"https:\/\/safereproduction.cn\" target=\"_blank\" rel=\"noopener\">safereproduction.cn<\/a><br \/>\n<a href=\"https:\/\/safereproduction.com\" target=\"_blank\" rel=\"noopener\">safereproduction.com<\/a><br \/>\n<a href=\"https:\/\/safereproduction.global\" target=\"_blank\" rel=\"noopener\">safereproduction.global<\/a><br \/>\n<a href=\"https:\/\/safereproduction.international\" target=\"_blank\" rel=\"noopener\">safereproduction.international<\/a><br \/>\n<a href=\"https:\/\/safereproduction.life\" target=\"_blank\" rel=\"noopener\">safereproduction.life<\/a><br \/>\n<a href=\"https:\/\/safereproduction.me\" target=\"_blank\" rel=\"noopener\">safereproduction.me<\/a><br \/>\n<a href=\"https:\/\/safereproduction.net\" target=\"_blank\" rel=\"noopener\">safereproduction.net<\/a><br \/>\n<a href=\"https:\/\/safereproduction.org\" target=\"_blank\" rel=\"noopener\">safereproduction.org<\/a><br \/>\n<a href=\"https:\/\/safereproduction.us\" target=\"_blank\" rel=\"noopener\">safereproduction.us<\/a><br \/>\n<a href=\"https:\/\/safereproduction.world\" target=\"_blank\" rel=\"noopener\">safereproduction.world<\/a><\/p>\n<h2>Supportjust.one<\/h2>\n<p class=\"p1\"><a href=\"https:\/\/supportjust.one\" target=\"_blank\" rel=\"noopener\">supportjust.one<\/a><br \/>\n<a href=\"https:\/\/supportjust.me\" target=\"_blank\" rel=\"noopener\">supportjust.me<\/a><br \/>\n<a href=\"https:\/\/supportjustone.net\" target=\"_blank\" rel=\"noopener\">supportjustone.net<\/a><br \/>\n<a href=\"https:\/\/supportjustone.org\" target=\"_blank\" rel=\"noopener\">supportjustone.org<\/a><br \/>\n<a href=\"https:\/\/pleasesupport.us\" target=\"_blank\" rel=\"noopener\">pleasesupport.us<\/a><\/p>\n<h2 class=\"p1\">Organizaciones de colaboraci\u00f3n<\/h2>\n<p><a href=\"https:\/\/worldhealthboard.net\/en-us\/\" target=\"_blank\" rel=\"noopener\">worldhealthboard.net<\/a>[\/vc_column_text][\/vc_column][\/vc_row]\n","protected":false},"excerpt":{"rendered":"<p>[vc_row type=\u00bbin_container\u00bb full_screen_row_position=\u00bbmiddle\u00bb column_margin=\u00bbdefault\u00bb column_direction=\u00bbdefault\u00bb column_direction_tablet=\u00bbdefault\u00bb column_direction_phone=\u00bbdefault\u00bb scene_position=\u00bbcenter\u00bb text_color=\u00bbdark\u00bb text_align=\u00bbleft\u00bb row_border_radius=\u00bbnone\u00bb row_border_radius_applies=\u00bbbg\u00bb overlay_strength=\u00bb0.3&#8243; gradient_direction=\u00bbleft_to_right\u00bb shape_divider_position=\u00bbbottom\u00bb bg_image_animation=\u00bbnone\u00bb][vc_column column_padding=\u00bbno-extra-padding\u00bb column_padding_tablet=\u00bbinherit\u00bb column_padding_phone=\u00bbinherit\u00bb column_padding_position=\u00bball\u00bb column_element_spacing=\u00bbdefault\u00bb background_color_opacity=\u00bb1&#8243; background_hover_color_opacity=\u00bb1&#8243; column_shadow=\u00bbnone\u00bb column_border_radius=\u00bbnone\u00bb column_link_target=\u00bb_self\u00bb gradient_direction=\u00bbleft_to_right\u00bb overlay_strength=\u00bb0.3&#8243; width=\u00bb1\/1&#8243; tablet_width_inherit=\u00bbdefault\u00bb&#8230;<\/p>\n","protected":false},"author":2,"featured_media":0,"parent":0,"menu_order":0,"comment_status":"closed","ping_status":"open","template":"","meta":[],"_links":{"self":[{"href":"https:\/\/safeblood.tv\/es\/wp-json\/wp\/v2\/pages\/79254"}],"collection":[{"href":"https:\/\/safeblood.tv\/es\/wp-json\/wp\/v2\/pages"}],"about":[{"href":"https:\/\/safeblood.tv\/es\/wp-json\/wp\/v2\/types\/page"}],"author":[{"embeddable":true,"href":"https:\/\/safeblood.tv\/es\/wp-json\/wp\/v2\/users\/2"}],"replies":[{"embeddable":true,"href":"https:\/\/safeblood.tv\/es\/wp-json\/wp\/v2\/comments?post=79254"}],"version-history":[{"count":8,"href":"https:\/\/safeblood.tv\/es\/wp-json\/wp\/v2\/pages\/79254\/revisions"}],"predecessor-version":[{"id":80045,"href":"https:\/\/safeblood.tv\/es\/wp-json\/wp\/v2\/pages\/79254\/revisions\/80045"}],"wp:attachment":[{"href":"https:\/\/safeblood.tv\/es\/wp-json\/wp\/v2\/media?parent=79254"}],"curies":[{"name":"wp","href":"https:\/\/api.w.org\/{rel}","templated":true}]}}