{"id":74535,"date":"2024-03-07T16:25:11","date_gmt":"2024-03-07T15:25:11","guid":{"rendered":"https:\/\/safeblood.tv\/?page_id=74535"},"modified":"2024-03-10T15:08:39","modified_gmt":"2024-03-10T14:08:39","slug":"member-card-example","status":"publish","type":"page","link":"https:\/\/safeblood.tv\/fr\/member-card-example\/","title":{"rendered":"Exemple de carte de membre"},"content":{"rendered":"[vc_row type=\u00a0\u00bbin_container\u00a0\u00bb full_screen_row_position=\u00a0\u00bbmiddle\u00a0\u00bb column_margin=\u00a0\u00bbdefault\u00a0\u00bb column_direction=\u00a0\u00bbdefault\u00a0\u00bb column_direction_tablet=\u00a0\u00bbdefault\u00a0\u00bb column_direction_phone=\u00a0\u00bbdefault\u00a0\u00bb scene_position=\u00a0\u00bbcenter\u00a0\u00bb text_color=\u00a0\u00bbdark\u00a0\u00bb text_align=\u00a0\u00bbleft\u00a0\u00bb row_border_radius=\u00a0\u00bbnone\u00a0\u00bb row_border_radius_applies=\u00a0\u00bbbg\u00a0\u00bb overlay_strength=\u00a0\u00bb0.3&Prime; gradient_direction=\u00a0\u00bbleft_to_right\u00a0\u00bb shape_divider_position=\u00a0\u00bbbottom\u00a0\u00bb bg_image_animation=\u00a0\u00bbnone\u00a0\u00bb][vc_column column_padding=\u00a0\u00bbno-extra-padding\u00a0\u00bb column_padding_tablet=\u00a0\u00bbinherit\u00a0\u00bb column_padding_phone=\u00a0\u00bbinherit\u00a0\u00bb column_padding_position=\u00a0\u00bball\u00a0\u00bb column_element_spacing=\u00a0\u00bbdefault\u00a0\u00bb background_color_opacity=\u00a0\u00bb1&Prime; background_hover_color_opacity=\u00a0\u00bb1&Prime; column_shadow=\u00a0\u00bbnone\u00a0\u00bb column_border_radius=\u00a0\u00bbnone\u00a0\u00bb column_link_target=\u00a0\u00bb_self\u00a0\u00bb gradient_direction=\u00a0\u00bbleft_to_right\u00a0\u00bb overlay_strength=\u00a0\u00bb0.3&Prime; width=\u00a0\u00bb1\/1&Prime; tablet_width_inherit=\u00a0\u00bbdefault\u00a0\u00bb tablet_text_alignment=\u00a0\u00bbdefault\u00a0\u00bb phone_text_alignment=\u00a0\u00bbdefault\u00a0\u00bb bg_image_animation=\u00a0\u00bbnone\u00a0\u00bb border_type=\u00a0\u00bbsimple\u00a0\u00bb column_border_width=\u00a0\u00bbnone\u00a0\u00bb column_border_style=\u00a0\u00bbsolid\u00a0\u00bb][vc_column_text]Vous trouverez sur cette page <strong>un exemple de carte de membr<\/strong>e qui sert \u00e9galement de carte de groupe sanguin. Vous saisissez vous-m\u00eame les donn\u00e9es de cette carte lors de votre inscription en tant que membre et vous pouvez les adapter \u00e0 tout moment (par exemple, les informations d&rsquo;urgence) dans votre compte.<br \/>\nCette carte d&rsquo;identit\u00e9 contient \u00e9galement une version abr\u00e9g\u00e9e de votre <strong>testament de vie<\/strong>.<br \/>\nVous pouvez <strong>imprimer<\/strong> la carte d&rsquo;identit\u00e9 chez vous, au bureau, aupr\u00e8s d&rsquo;un vendeur en ligne ou dans un magasin de photocopies. Sur papier (imprimer, plier et plastifier) ou sur carte plastique.<br \/>\nMais vous pouvez aussi l&rsquo;<strong>utiliser sous forme num\u00e9rique<\/strong>, par exemple en la t\u00e9l\u00e9chargeant sur votre smartphone et en l&rsquo;enregistrant dans votre album photo ou dans votre portefeuille Apple Wallet ou autre.<br \/>\nEn outre, vous pouvez <strong>importer l&rsquo;identit\u00e9 du membre et son testament<\/strong> directement dans les informations d&rsquo;urgence de votre smartphone, que le personnel m\u00e9dical d&rsquo;urgence peut consulter sans avoir \u00e0 d\u00e9verrouiller le t\u00e9l\u00e9phone.<br \/>\nLe <strong>code QR<\/strong> et le lien ci-dessus sont \u00e9galement destin\u00e9s au <strong>personnel m\u00e9dical d&rsquo;urgence<\/strong>. En scannant ce code\/lien, ils acc\u00e8deront directement \u00e0 votre testament de vie et \u00e0 toutes les donn\u00e9es m\u00e9dicales pertinentes, dans une version sp\u00e9ciale r\u00e9serv\u00e9e aux professionnels, qui y trouveront l&rsquo;option de <strong>traduire ces donn\u00e9es dans les principales langues du monde en quelques secondes<\/strong>.<\/p>\n<p><strong>Testament de vie :<\/strong><br \/>\nLe bouton \u00ab\u00a0Voir le testament de vie\u00a0\u00bb vous permet de <strong>consulter votre testament de vie<\/strong>. Mais avant cela, vous <strong>devez d&rsquo;abord le modifier et l&rsquo;enregistrer<\/strong> (vous trouverez un mod\u00e8le que vous pourrez personnaliser \u00e0 votre guise).<\/p>\n<p><a href=\"https:\/\/safeblood.tv\/wp-content\/uploads\/2024\/03\/membercard-exemple-francais.jpg\"><img loading=\"lazy\" class=\"alignleft size-full wp-image-74628\" src=\"https:\/\/safeblood.tv\/wp-content\/uploads\/2024\/03\/membercard-exemple-francais.jpg\" alt=\"\" width=\"2558\" height=\"1620\" srcset=\"https:\/\/safeblood.tv\/wp-content\/uploads\/2024\/03\/membercard-exemple-francais.jpg 2558w, https:\/\/safeblood.tv\/wp-content\/uploads\/2024\/03\/membercard-exemple-francais-300x190.jpg 300w, https:\/\/safeblood.tv\/wp-content\/uploads\/2024\/03\/membercard-exemple-francais-1024x649.jpg 1024w, https:\/\/safeblood.tv\/wp-content\/uploads\/2024\/03\/membercard-exemple-francais-768x486.jpg 768w, https:\/\/safeblood.tv\/wp-content\/uploads\/2024\/03\/membercard-exemple-francais-1536x973.jpg 1536w, https:\/\/safeblood.tv\/wp-content\/uploads\/2024\/03\/membercard-exemple-francais-2048x1297.jpg 2048w\" sizes=\"(max-width: 2558px) 100vw, 2558px\" \/><\/a>[\/vc_column_text][\/vc_column][\/vc_row]\n","protected":false},"excerpt":{"rendered":"<p>[vc_row type=\u00a0\u00bbin_container\u00a0\u00bb full_screen_row_position=\u00a0\u00bbmiddle\u00a0\u00bb column_margin=\u00a0\u00bbdefault\u00a0\u00bb column_direction=\u00a0\u00bbdefault\u00a0\u00bb column_direction_tablet=\u00a0\u00bbdefault\u00a0\u00bb column_direction_phone=\u00a0\u00bbdefault\u00a0\u00bb scene_position=\u00a0\u00bbcenter\u00a0\u00bb text_color=\u00a0\u00bbdark\u00a0\u00bb text_align=\u00a0\u00bbleft\u00a0\u00bb row_border_radius=\u00a0\u00bbnone\u00a0\u00bb row_border_radius_applies=\u00a0\u00bbbg\u00a0\u00bb overlay_strength=\u00a0\u00bb0.3&Prime; gradient_direction=\u00a0\u00bbleft_to_right\u00a0\u00bb shape_divider_position=\u00a0\u00bbbottom\u00a0\u00bb bg_image_animation=\u00a0\u00bbnone\u00a0\u00bb][vc_column column_padding=\u00a0\u00bbno-extra-padding\u00a0\u00bb column_padding_tablet=\u00a0\u00bbinherit\u00a0\u00bb column_padding_phone=\u00a0\u00bbinherit\u00a0\u00bb column_padding_position=\u00a0\u00bball\u00a0\u00bb column_element_spacing=\u00a0\u00bbdefault\u00a0\u00bb background_color_opacity=\u00a0\u00bb1&Prime; background_hover_color_opacity=\u00a0\u00bb1&Prime; column_shadow=\u00a0\u00bbnone\u00a0\u00bb column_border_radius=\u00a0\u00bbnone\u00a0\u00bb column_link_target=\u00a0\u00bb_self\u00a0\u00bb gradient_direction=\u00a0\u00bbleft_to_right\u00a0\u00bb overlay_strength=\u00a0\u00bb0.3&Prime; width=\u00a0\u00bb1\/1&Prime; tablet_width_inherit=\u00a0\u00bbdefault\u00a0\u00bb&#8230;<\/p>\n","protected":false},"author":2,"featured_media":0,"parent":0,"menu_order":0,"comment_status":"closed","ping_status":"closed","template":"","meta":[],"_links":{"self":[{"href":"https:\/\/safeblood.tv\/fr\/wp-json\/wp\/v2\/pages\/74535"}],"collection":[{"href":"https:\/\/safeblood.tv\/fr\/wp-json\/wp\/v2\/pages"}],"about":[{"href":"https:\/\/safeblood.tv\/fr\/wp-json\/wp\/v2\/types\/page"}],"author":[{"embeddable":true,"href":"https:\/\/safeblood.tv\/fr\/wp-json\/wp\/v2\/users\/2"}],"replies":[{"embeddable":true,"href":"https:\/\/safeblood.tv\/fr\/wp-json\/wp\/v2\/comments?post=74535"}],"version-history":[{"count":4,"href":"https:\/\/safeblood.tv\/fr\/wp-json\/wp\/v2\/pages\/74535\/revisions"}],"predecessor-version":[{"id":74638,"href":"https:\/\/safeblood.tv\/fr\/wp-json\/wp\/v2\/pages\/74535\/revisions\/74638"}],"wp:attachment":[{"href":"https:\/\/safeblood.tv\/fr\/wp-json\/wp\/v2\/media?parent=74535"}],"curies":[{"name":"wp","href":"https:\/\/api.w.org\/{rel}","templated":true}]}}