{"id":77037,"date":"2024-07-04T16:58:45","date_gmt":"2024-07-04T14:58:45","guid":{"rendered":"https:\/\/safeblood.tv\/?page_id=77037"},"modified":"2024-09-26T12:38:56","modified_gmt":"2024-09-26T10:38:56","slug":"soins-preventifs","status":"publish","type":"page","link":"https:\/\/safeblood.tv\/fr\/soins-preventifs\/","title":{"rendered":"Soins pr\u00e9ventifs"},"content":{"rendered":"[vc_row type=\u00a0\u00bbin_container\u00a0\u00bb full_screen_row_position=\u00a0\u00bbmiddle\u00a0\u00bb column_margin=\u00a0\u00bbdefault\u00a0\u00bb column_direction=\u00a0\u00bbdefault\u00a0\u00bb column_direction_tablet=\u00a0\u00bbdefault\u00a0\u00bb column_direction_phone=\u00a0\u00bbdefault\u00a0\u00bb scene_position=\u00a0\u00bbcenter\u00a0\u00bb text_color=\u00a0\u00bbdark\u00a0\u00bb text_align=\u00a0\u00bbleft\u00a0\u00bb row_border_radius=\u00a0\u00bbnone\u00a0\u00bb row_border_radius_applies=\u00a0\u00bbbg\u00a0\u00bb overlay_strength=\u00a0\u00bb0.3&Prime; gradient_direction=\u00a0\u00bbleft_to_right\u00a0\u00bb shape_divider_position=\u00a0\u00bbbottom\u00a0\u00bb bg_image_animation=\u00a0\u00bbnone\u00a0\u00bb][vc_column column_padding=\u00a0\u00bbno-extra-padding\u00a0\u00bb column_padding_tablet=\u00a0\u00bbinherit\u00a0\u00bb column_padding_phone=\u00a0\u00bbinherit\u00a0\u00bb column_padding_position=\u00a0\u00bball\u00a0\u00bb column_element_spacing=\u00a0\u00bbdefault\u00a0\u00bb background_color_opacity=\u00a0\u00bb1&Prime; background_hover_color_opacity=\u00a0\u00bb1&Prime; column_shadow=\u00a0\u00bbnone\u00a0\u00bb column_border_radius=\u00a0\u00bbnone\u00a0\u00bb column_link_target=\u00a0\u00bb_self\u00a0\u00bb gradient_direction=\u00a0\u00bbleft_to_right\u00a0\u00bb overlay_strength=\u00a0\u00bb0.3&Prime; width=\u00a0\u00bb1\/1&Prime; tablet_width_inherit=\u00a0\u00bbdefault\u00a0\u00bb tablet_text_alignment=\u00a0\u00bbdefault\u00a0\u00bb phone_text_alignment=\u00a0\u00bbdefault\u00a0\u00bb bg_image_animation=\u00a0\u00bbnone\u00a0\u00bb border_type=\u00a0\u00bbsimple\u00a0\u00bb column_border_width=\u00a0\u00bbnone\u00a0\u00bb column_border_style=\u00a0\u00bbsolid\u00a0\u00bb][vc_column_text css=\u00a0\u00bb.vc_custom_1720104482336{margin-top: -50px !important;}\u00a0\u00bb]\n<h1 style=\"text-align: center;\"><b>Soins pr\u00e9ventifs<\/b><\/h1>\n[\/vc_column_text][\/vc_column][\/vc_row][vc_row type=\u00a0\u00bbin_container\u00a0\u00bb full_screen_row_position=\u00a0\u00bbmiddle\u00a0\u00bb column_margin=\u00a0\u00bbdefault\u00a0\u00bb column_direction=\u00a0\u00bbdefault\u00a0\u00bb column_direction_tablet=\u00a0\u00bbdefault\u00a0\u00bb column_direction_phone=\u00a0\u00bbdefault\u00a0\u00bb scene_position=\u00a0\u00bbcenter\u00a0\u00bb text_color=\u00a0\u00bbdark\u00a0\u00bb text_align=\u00a0\u00bbleft\u00a0\u00bb row_border_radius=\u00a0\u00bbnone\u00a0\u00bb row_border_radius_applies=\u00a0\u00bbbg\u00a0\u00bb overlay_strength=\u00a0\u00bb0.3&Prime; gradient_direction=\u00a0\u00bbleft_to_right\u00a0\u00bb shape_divider_position=\u00a0\u00bbbottom\u00a0\u00bb bg_image_animation=\u00a0\u00bbnone\u00a0\u00bb][vc_column column_padding=\u00a0\u00bbno-extra-padding\u00a0\u00bb column_padding_tablet=\u00a0\u00bbinherit\u00a0\u00bb column_padding_phone=\u00a0\u00bbinherit\u00a0\u00bb column_padding_position=\u00a0\u00bball\u00a0\u00bb column_element_spacing=\u00a0\u00bbdefault\u00a0\u00bb background_color_opacity=\u00a0\u00bb1&Prime; background_hover_color_opacity=\u00a0\u00bb1&Prime; column_shadow=\u00a0\u00bbnone\u00a0\u00bb column_border_radius=\u00a0\u00bbnone\u00a0\u00bb column_link_target=\u00a0\u00bb_self\u00a0\u00bb gradient_direction=\u00a0\u00bbleft_to_right\u00a0\u00bb overlay_strength=\u00a0\u00bb0.3&Prime; width=\u00a0\u00bb1\/1&Prime; tablet_width_inherit=\u00a0\u00bbdefault\u00a0\u00bb tablet_text_alignment=\u00a0\u00bbdefault\u00a0\u00bb phone_text_alignment=\u00a0\u00bbdefault\u00a0\u00bb bg_image_animation=\u00a0\u00bbnone\u00a0\u00bb border_type=\u00a0\u00bbsimple\u00a0\u00bb column_border_width=\u00a0\u00bbnone\u00a0\u00bb column_border_style=\u00a0\u00bbsolid\u00a0\u00bb][vc_column_text css=\u00a0\u00bb.vc_custom_1727347134035{margin-top: -20px !important;}\u00a0\u00bb]Vous trouverez sur cette page une compilation des <b>m\u00e9thodes de pr\u00e9vention<\/b> qui peuvent \u00eatre utilis\u00e9es <b>pour am\u00e9liorer votre sant\u00e9 et vous prot\u00e9ger de tout ce qui peut nuire \u00e0 votre sant\u00e9<\/b>. Certaines personnes ne sont jamais malades, d&rsquo;autres ne tombent malades que lorsqu&rsquo;elles entendent parler d&rsquo;un virus ou de quelque chose de nocif qui pourrait croiser leur chemin. Cela d\u00e9pend de l&rsquo;\u00e9tat de votre sant\u00e9 g\u00e9n\u00e9rale, en particulier de votre syst\u00e8me immunitaire.<\/p>\n<h3><b>Quelles sont les meilleures m\u00e9thodes ?<\/b><\/h3>\n<hr \/>\n<p>Cela semble banal : <b>Adoptez un mode de vie sain.<\/b><\/p>\n<p><b>Faites attention \u00e0 votre alimentation et \u00e0 tout ce qui entre dans votre corps.<\/b> Les aliments crus v\u00e9g\u00e9tariens biologiques sont th\u00e9oriquement les meilleurs, mais tout le monde ne les dig\u00e8re pas de la m\u00eame mani\u00e8re. Faites donc attention \u00e0 l&rsquo;origine de tout ce qui entre dans votre corps &#8211; plus c&rsquo;est naturel et biologique, mieux c&rsquo;est. Observez ce que vous ressentez en mangeant. Buvez suffisamment d&rsquo;eau pure.<\/p>\n<p><b>Prenez soin de votre sant\u00e9 mentale<\/b> : Les pens\u00e9es n\u00e9gatives (pens\u00e9es et sentiments \u00a0\u00bb amers \u00ab\u00a0) sont tout aussi n\u00e9fastes que la peur ou toute autre \u00e9motion n\u00e9gative. Chaque pens\u00e9e, chaque \u00e9motion d\u00e9clenche une r\u00e9action biochimique qui a un effet positif ou n\u00e9gatif sur le corps. L&rsquo;amour aide, la haine nuit non seulement \u00e0 votre \u00e9tat mental, mais aussi \u00e0 votre syst\u00e8me immunitaire.<\/p>\n<p><b>Bougez votre corps et votre esprit<\/b>. Votre corps est un moteur qui a besoin d&rsquo;\u00eatre mis en mouvement pour fonctionner en douceur et sans douleur. Adoptez une hygi\u00e8ne spirituelle telle que le yoga ou toute autre activit\u00e9 similaire qui maintient l&rsquo;\u00e9quilibre entre le corps, l&rsquo;esprit et l&rsquo;\u00e2me.<\/p>\n<p><b>Soutenez votre syst\u00e8me immunitaire<\/b>. L&rsquo;\u00e9tat de votre syst\u00e8me immunitaire d\u00e9termine en fin de compte si les virus, les bact\u00e9ries et les autres agents pathog\u00e8nes peuvent vous nuire ou non. <b>Si votre syst\u00e8me immunitaire fonctionne bien, aucun de ces agents pathog\u00e8nes ne vous affectera de quelque mani\u00e8re que ce soit<\/b> ; un syst\u00e8me immunitaire en bonne sant\u00e9 combattra efficacement tout ce qui n&rsquo;a pas sa place dans votre corps. Malheureusement, notre mode de vie n&rsquo;est pas vraiment sain et nous vivons dans un environnement qui est tout sauf sain pour nous, les humains, \u00e9galement. Nous d\u00e9truisons la terre \u00e0 un rythme rapide, en empoisonnant le sol et donc notre nourriture, en empoisonnant l&rsquo;eau et donc notre eau potable, en utilisant des produits chimiques au lieu de produits naturels. L&rsquo;industrie chimique, autrefois fond\u00e9e pour soutenir l&rsquo;humanit\u00e9, est devenue la plus grande menace pour notre sant\u00e9 dans son ensemble. <b>Chaque<\/b> produit chimique est consid\u00e9r\u00e9 comme un ennemi de notre syst\u00e8me immunitaire parce que le foie, qui est responsable de la d\u00e9sintoxication des substances nocives, \u00e9tait capable de faire son travail jusqu&rsquo;\u00e0 ce que les produits chimiques soient invent\u00e9s. Il n&rsquo;existe pas de manuel permettant au foie de d\u00e9sintoxiquer les produits chimiques car ils ne font pas partie du \u00ab\u00a0programme\u00a0\u00bb. Le foie finira par apprendre \u00e0 g\u00e9rer les produits chimiques (si nous survivons), mais cela pourrait prendre un millier d&rsquo;ann\u00e9es, ce qui serait un peu tard pour notre g\u00e9n\u00e9ration.<b> Il faut donc s&rsquo;en tenir \u00e0 la nature et \u00e0 tout ce qu&rsquo;elle offre.<br \/>\n<\/b>Veuillez noter que tout ce que j&rsquo;ai \u00e9crit ci-dessus s&rsquo;applique \u00e9galement \u00e0 toute forme de m\u00e9decine chimique.<\/p>\n<p><span style=\"color: #000000;\"><span style=\"font-family: Roboto, serif;\"><span style=\"font-size: large;\">Vous pouvez influencer certains des facteurs mentionn\u00e9s, mais <\/span><\/span><\/span><span style=\"color: #000000;\"><span style=\"font-family: Roboto, serif;\"><span style=\"font-size: large;\"><b>vous ne pouvez pas vraiment agir sur d&rsquo;autres, par exemple l&rsquo;\u00e9mission de tous les types de rayonnements<\/b><\/span><\/span><\/span><span style=\"color: #000000;\"><span style=\"font-family: Roboto, serif;\"><span style=\"font-size: large;\">, en particulier les signaux sans fil tels que les t\u00e9l\u00e9phones cellulaires ou le WIFI. Vous devez simplement vous pr\u00e9parer autant que possible. Comme vous ne vivez probablement pas dans une jungle recul\u00e9e sans signaux, vous avez besoin d&rsquo;une protection \u00e9nerg\u00e9tique\/\u00e9lectronique, comme les appareils<\/span><\/span><\/span> <a href=\"https:\/\/biophotonic.uk\/\" target=\"_blank\" rel=\"noopener\">BioPhotonic<\/a><span style=\"color: #000000;\"><span style=\"font-family: Roboto, serif;\"><span style=\"font-size: large;\">. Si vous vivez en ville et que vous activez le WIFI sur votre ordinateur\/t\u00e9l\u00e9phone, vous verrez probablement des dizaines de points d&rsquo;acc\u00e8s disponibles, que vous souhaitiez les utiliser ou non, et ce n&rsquo;est que la partie visible de l&rsquo;iceberg. Il n&rsquo;y a pas d&rsquo;\u00e9chappatoire, alors <strong>prot\u00e9gez-vous<\/strong>.<\/span><\/span><\/span><\/p>\n<hr \/>\n<p><span style=\"color: #000000;\"><span style=\"font-family: Roboto, serif;\"><span style=\"font-size: large;\">En bref <\/span><\/span><\/span>:<\/p>\n<h3><span style=\"color: #000000;\"><span style=\"font-family: Roboto, serif;\"><span style=\"font-size: large;\"><b>1) Protection contre les signaux et les \u00e9missions sans fil<\/b><\/span><\/span><\/span><\/h3>\n<p><span style=\"color: #000000;\"><span style=\"font-family: Roboto, serif;\"><span style=\"font-size: large;\"><b>Protection \u00e9nerg\u00e9tique\/\u00e9lectronique passive ou active avec les appareils russes de<\/b><\/span><\/span><\/span> <a href=\"https:\/\/biophotonic.uk\/shop\/\" target=\"_blank\" rel=\"noopener\"><strong>BioPhotonic<\/strong><\/a>, <span style=\"color: #000000;\"><span style=\"font-family: Roboto, serif;\"><span style=\"font-size: large;\">une entreprise en laquelle nous avons confiance et dont nous avons test\u00e9 les appareils nous-m\u00eames<\/span><\/span><\/span>.<br \/>\n<span style=\"color: #000000;\"><span style=\"font-family: Roboto, serif;\"><span style=\"font-size: large;\">Ne manquez pas de consulter cette page <\/span><\/span><\/span>: <a href=\"https:\/\/safeblood.net\/fr\/biophotonic-bioresonance\/\" target=\"_blank\" rel=\"noopener\">https:\/\/safeblood.net\/fr\/biophotonic-bioresonance\/<\/a>, <span style=\"color: #000000;\"><span style=\"font-family: Roboto, serif;\"><span style=\"font-size: large;\">avec un code de r\u00e9duction pour les membres de Safeblood et les abonn\u00e9s \u00e0 la lettre d&rsquo;information de Safeblood.<br \/>\nLes dispositifs de protection sont les suivants : Photonic Wave, Photonic Crystal Square et Photonic Crystal Shield<\/span><\/span><\/span>.<\/p>\n<h3><span style=\"color: #000000;\"><span style=\"font-family: Roboto, serif;\"><span style=\"font-size: large;\"><b>2) Compl\u00e9ments alimentaires<\/b><\/span><\/span><\/span><\/h3>\n<p><span style=\"color: #000000;\"><span style=\"font-family: Roboto, serif;\"><span style=\"font-size: large;\">Comme la qualit\u00e9 de notre alimentation n&rsquo;est pas suffisante pour apporter \u00e0 l&rsquo;organisme ce dont il a besoin, vous pouvez envisager de prendre r\u00e9guli\u00e8rement divers compl\u00e9ments, par exemple<br \/>\nLes <\/span><\/span><\/span><span style=\"color: #000000;\"><span style=\"font-family: Roboto, serif;\"><span style=\"font-size: large;\"><b>compl\u00e9ments om\u00e9ga 3\/6<\/b><\/span><\/span><\/span><span style=\"color: #000000;\"><span style=\"font-family: Roboto, serif;\"><span style=\"font-size: large;\"> de qualit\u00e9 premium de la soci\u00e9t\u00e9 norv\u00e9gienne <\/span><\/span><\/span><a href=\"https:\/\/safeblood.net\/fr\/omega-3-6-supplements-deqology\/\" target=\"_blank\" rel=\"noopener\">Eqology<\/a>.<\/p>\n<h3><span style=\"color: #000000;\"><span style=\"font-family: Roboto, serif;\"><span style=\"font-size: large;\"><b>3) Trouver un naturopathe qui peut vous soutenir avec un programme sur mesure<\/b><\/span><\/span><\/span><\/h3>\n<p><span style=\"color: #000000;\"><span style=\"font-family: Roboto, serif;\"><span style=\"font-size: large;\">Il est difficile de savoir ce dont votre corps (et votre esprit) a vraiment besoin. L&rsquo;id\u00e9al est de trouver un th\u00e9rapeute qui pourra vous soutenir et vous guider pendant que vous et vos enfants \u00eates encore en bonne sant\u00e9. Trouvez un th\u00e9rapeute <\/span><\/span><\/span><span style=\"color: #800000;\"><span style=\"font-family: Roboto, serif;\"><span style=\"font-size: large;\">sur <a href=\"https:\/\/safeblood.net\/fr\/recherche-detablissements-medicaux\/\" target=\"_blank\" rel=\"noopener\">notre page<\/a><\/span><\/span><\/span><span style=\"color: #000000;\"><span style=\"font-family: Roboto, serif;\"><span style=\"font-size: large;\">, ou si vous en connaissez un qui ne figure pas sur la liste, dites-lui de s&rsquo;inscrire.<\/span><\/span><\/span><\/p>\n<h3><span style=\"color: #000000;\"><span style=\"font-family: Roboto, serif;\"><span style=\"font-size: large;\"><b>4) Ne vous informez pas aupr\u00e8s des grands m\u00e9dias<\/b><\/span><\/span><\/span><\/h3>\n<p><span style=\"color: #000000;\"><span style=\"font-family: Roboto, serif;\"><span style=\"font-size: large;\">Depuis la pand\u00e9mie, nous constatons malheureusement de plus en plus que tous les m\u00e9dias \u00e9tablis sont, pour dire les choses gentiment, tr\u00e8s partiaux. En d&rsquo;autres termes, <strong>on vous ment comme des arracheurs de dents<\/strong>. Tous ces m\u00e9dias ont \u00e9t\u00e9 lourdement financ\u00e9s par Big Pharma et d&rsquo;autres groupes similaires pendant cette p\u00e9riode, et sont donc devenus les porte-parole des gouvernements et des grandes entreprises. L&rsquo;\u00e9poque o\u00f9 nous avions l&rsquo;habitude de regarder le journal t\u00e9l\u00e9vis\u00e9 sur la cha\u00eene principale TV1 \u00e0 19h30 et o\u00f9 nous \u00e9tions raisonnablement bien inform\u00e9s est malheureusement r\u00e9volue. Les bons m\u00e9dias sont tous nouveaux et sont apparus au cours des quatre derni\u00e8res ann\u00e9es ; ils diffusent principalement sur l&rsquo;internet. Sur notre page de liens, vous trouverez les m\u00e9dias qui font encore preuve d&rsquo;ind\u00e9pendance et d&rsquo;esprit critique. Faites d\u00e9filer la page vers le bas jusqu&rsquo;\u00e0 \u00ab\u00a0Media\u00a0\u00bb. Telegram et d&rsquo;autres canaux similaires constituent \u00e9galement une bonne alternative<\/span><\/span><\/span>.<\/p>\n<hr \/>\n<p><span style=\"color: #000000;\"><span style=\"font-family: Roboto, serif;\"><span style=\"font-size: large;\"><b>Connaissez-vous une autre m\u00e9thode de pr\u00e9vention dont nous n&rsquo;avons pas encore connaissance ? Envoyez-nous un <\/b><\/span><\/span><\/span><strong><a href=\"mailto:george@safeblood.net\" target=\"_blank\" rel=\"noopener\">courriel<\/a>.<\/strong><\/p>\n<p><b>CLAUSE DE NON-RESPONSABILIT\u00c9 :<\/b><br \/>\nSAFE BLOOD NE FOURNIT PAS DE CONSEILS M\u00c9DICAUX.<br \/>\nLes informations, y compris, mais sans s&rsquo;y limiter, les textes, les graphiques, les images et tout autre mat\u00e9riel publi\u00e9 ou transmis par Safe Blood Donation et ses affili\u00e9s, directeurs, responsables, gestionnaires, employ\u00e9s ou autres repr\u00e9sentants sont uniquement destin\u00e9s \u00e0 des fins d&rsquo;information. Aucun mat\u00e9riel n&rsquo;est destin\u00e9 \u00e0 se substituer \u00e0 un conseil m\u00e9dical professionnel, \u00e0 un diagnostic ou \u00e0 un traitement. Demandez toujours l&rsquo;avis de votre fournisseur de soins de sant\u00e9 de confiance pour toute question que vous pourriez avoir concernant un \u00e9tat de sant\u00e9 ou un traitement, avant d&rsquo;entreprendre un nouveau r\u00e9gime de soins de sant\u00e9, et ne n\u00e9gligez jamais un avis m\u00e9dical professionnel ou ne tardez pas \u00e0 le demander \u00e0 cause de quelque chose que vous avez lu ou vu dans une publication ou une transmission de Safe Blood Donation.[\/vc_column_text][\/vc_column][\/vc_row]\n","protected":false},"excerpt":{"rendered":"<p>[vc_row type=\u00a0\u00bbin_container\u00a0\u00bb full_screen_row_position=\u00a0\u00bbmiddle\u00a0\u00bb column_margin=\u00a0\u00bbdefault\u00a0\u00bb column_direction=\u00a0\u00bbdefault\u00a0\u00bb column_direction_tablet=\u00a0\u00bbdefault\u00a0\u00bb column_direction_phone=\u00a0\u00bbdefault\u00a0\u00bb scene_position=\u00a0\u00bbcenter\u00a0\u00bb text_color=\u00a0\u00bbdark\u00a0\u00bb text_align=\u00a0\u00bbleft\u00a0\u00bb row_border_radius=\u00a0\u00bbnone\u00a0\u00bb row_border_radius_applies=\u00a0\u00bbbg\u00a0\u00bb overlay_strength=\u00a0\u00bb0.3&Prime; gradient_direction=\u00a0\u00bbleft_to_right\u00a0\u00bb shape_divider_position=\u00a0\u00bbbottom\u00a0\u00bb bg_image_animation=\u00a0\u00bbnone\u00a0\u00bb][vc_column column_padding=\u00a0\u00bbno-extra-padding\u00a0\u00bb column_padding_tablet=\u00a0\u00bbinherit\u00a0\u00bb column_padding_phone=\u00a0\u00bbinherit\u00a0\u00bb column_padding_position=\u00a0\u00bball\u00a0\u00bb column_element_spacing=\u00a0\u00bbdefault\u00a0\u00bb background_color_opacity=\u00a0\u00bb1&Prime; background_hover_color_opacity=\u00a0\u00bb1&Prime; column_shadow=\u00a0\u00bbnone\u00a0\u00bb column_border_radius=\u00a0\u00bbnone\u00a0\u00bb column_link_target=\u00a0\u00bb_self\u00a0\u00bb gradient_direction=\u00a0\u00bbleft_to_right\u00a0\u00bb overlay_strength=\u00a0\u00bb0.3&Prime; width=\u00a0\u00bb1\/1&Prime; tablet_width_inherit=\u00a0\u00bbdefault\u00a0\u00bb&#8230;<\/p>\n","protected":false},"author":2,"featured_media":0,"parent":0,"menu_order":0,"comment_status":"closed","ping_status":"closed","template":"","meta":[],"_links":{"self":[{"href":"https:\/\/safeblood.tv\/fr\/wp-json\/wp\/v2\/pages\/77037"}],"collection":[{"href":"https:\/\/safeblood.tv\/fr\/wp-json\/wp\/v2\/pages"}],"about":[{"href":"https:\/\/safeblood.tv\/fr\/wp-json\/wp\/v2\/types\/page"}],"author":[{"embeddable":true,"href":"https:\/\/safeblood.tv\/fr\/wp-json\/wp\/v2\/users\/2"}],"replies":[{"embeddable":true,"href":"https:\/\/safeblood.tv\/fr\/wp-json\/wp\/v2\/comments?post=77037"}],"version-history":[{"count":4,"href":"https:\/\/safeblood.tv\/fr\/wp-json\/wp\/v2\/pages\/77037\/revisions"}],"predecessor-version":[{"id":78201,"href":"https:\/\/safeblood.tv\/fr\/wp-json\/wp\/v2\/pages\/77037\/revisions\/78201"}],"wp:attachment":[{"href":"https:\/\/safeblood.tv\/fr\/wp-json\/wp\/v2\/media?parent=77037"}],"curies":[{"name":"wp","href":"https:\/\/api.w.org\/{rel}","templated":true}]}}