{"id":79240,"date":"2025-03-24T10:26:52","date_gmt":"2025-03-24T09:26:52","guid":{"rendered":"https:\/\/safeblood.tv\/?page_id=79240"},"modified":"2025-07-10T13:02:57","modified_gmt":"2025-07-10T11:02:57","slug":"tous-nos-noms-de-domaine","status":"publish","type":"page","link":"https:\/\/safeblood.tv\/fr\/tous-nos-noms-de-domaine\/","title":{"rendered":"Tous nos noms de domaine:"},"content":{"rendered":"[vc_row type=\u00a0\u00bbin_container\u00a0\u00bb full_screen_row_position=\u00a0\u00bbmiddle\u00a0\u00bb column_margin=\u00a0\u00bbdefault\u00a0\u00bb column_direction=\u00a0\u00bbdefault\u00a0\u00bb column_direction_tablet=\u00a0\u00bbdefault\u00a0\u00bb column_direction_phone=\u00a0\u00bbdefault\u00a0\u00bb scene_position=\u00a0\u00bbcenter\u00a0\u00bb text_color=\u00a0\u00bbdark\u00a0\u00bb text_align=\u00a0\u00bbleft\u00a0\u00bb row_border_radius=\u00a0\u00bbnone\u00a0\u00bb row_border_radius_applies=\u00a0\u00bbbg\u00a0\u00bb overlay_strength=\u00a0\u00bb0.3&Prime; gradient_direction=\u00a0\u00bbleft_to_right\u00a0\u00bb shape_divider_position=\u00a0\u00bbbottom\u00a0\u00bb bg_image_animation=\u00a0\u00bbnone\u00a0\u00bb][vc_column column_padding=\u00a0\u00bbno-extra-padding\u00a0\u00bb column_padding_tablet=\u00a0\u00bbinherit\u00a0\u00bb column_padding_phone=\u00a0\u00bbinherit\u00a0\u00bb column_padding_position=\u00a0\u00bball\u00a0\u00bb column_element_spacing=\u00a0\u00bbdefault\u00a0\u00bb background_color_opacity=\u00a0\u00bb1&Prime; background_hover_color_opacity=\u00a0\u00bb1&Prime; column_shadow=\u00a0\u00bbnone\u00a0\u00bb column_border_radius=\u00a0\u00bbnone\u00a0\u00bb column_link_target=\u00a0\u00bb_self\u00a0\u00bb gradient_direction=\u00a0\u00bbleft_to_right\u00a0\u00bb overlay_strength=\u00a0\u00bb0.3&Prime; width=\u00a0\u00bb1\/1&Prime; tablet_width_inherit=\u00a0\u00bbdefault\u00a0\u00bb tablet_text_alignment=\u00a0\u00bbdefault\u00a0\u00bb phone_text_alignment=\u00a0\u00bbdefault\u00a0\u00bb bg_image_animation=\u00a0\u00bbnone\u00a0\u00bb border_type=\u00a0\u00bbsimple\u00a0\u00bb column_border_width=\u00a0\u00bbnone\u00a0\u00bb column_border_style=\u00a0\u00bbsolid\u00a0\u00bb][vc_column_text]\n<p class=\"p1\"><strong>Tous nos noms de domaine:<\/strong><\/p>\n<p class=\"p1\">Nous avons enregistr\u00e9 une centaine de noms de domaine afin d&rsquo;\u00eatre facilement accessibles dans le monde entier. Si un site n&rsquo;est pas accessible, essayez-en un autre. Si votre site pr\u00e9f\u00e9r\u00e9 est bloqu\u00e9 dans votre pays, n&rsquo;h\u00e9sitez pas \u00e0 <a href=\"mailto:info@safeblood.net\" target=\"_blank\" rel=\"noopener\">nous en informer<\/a>.<\/p>\n<p class=\"p1\">Comme vous pouvez l&rsquo;imaginer, ces domaines et leur entretien repr\u00e9sentent l&rsquo;un des principaux facteurs de co\u00fbt pour nos organisations, mais nous vous devons ce service.<\/p>\n<p class=\"p1\">Vous trouverez ci-dessous tous nos domaines class\u00e9s par projet, par continent et, \u00e0 la fin, tous les domaines non attribu\u00e9s g\u00e9ographiquement. La langue affich\u00e9e d\u00e9pend des param\u00e8tres de votre navigateur. La page s&rsquo;ouvre normalement dans la langue choisie. Si ce n&rsquo;est pas le cas, vous pouvez changer de langue en utilisant le menu en haut \u00e0 droite. Certains sites web ne sont actuellement disponibles qu&rsquo;en anglais.<\/p>\n<h2>SafeBlood<\/h2>\n<p><strong>AFRIQUE<\/strong><\/p>\n<p><a href=\"http:\/\/safeblood.africa\" target=\"_blank\" rel=\"noopener\">safeblood.africa<\/a><br \/>\n<a href=\"https:\/\/safeblood.co.za\" target=\"_blank\" rel=\"noopener\">safeblood.co.za<\/a><br \/>\n<a href=\"https:\/\/safeblood.co.zm\" target=\"_blank\" rel=\"noopener\">safeblood.co.zm<\/a><\/p>\n<p><strong>AM\u00c9RIQUE<\/strong><\/p>\n<p><em>Site web exclusivement pour les Etats-Unis : \u00a0<\/em><br \/>\n<a href=\"http:\/\/safeblood.com\" target=\"_blank\" rel=\"noopener\">safeblood.com<\/a><br \/>\n<em>tous les autres domaines pour le continent am\u00e9ricain :<\/em><br \/>\n<a href=\"https:\/\/safeblood.net.br\" target=\"_blank\" rel=\"noopener\">safeblood.net.br<\/a><br \/>\n<a href=\"https:\/\/safeblood.ca\" target=\"_blank\" rel=\"noopener\">safeblood.ca<\/a><br \/>\n<a href=\"https:\/\/safeblood.mx\" target=\"_blank\" rel=\"noopener\">safeblood.mx<\/a><br \/>\n<a href=\"https:\/\/safeblood.us\" target=\"_blank\" rel=\"noopener\">safeblood.us<\/a><\/p>\n<p><strong>ASIE<\/strong><\/p>\n<p><a href=\"https:\/\/safeblood.ae\" target=\"_blank\" rel=\"noopener\">safeblood.ae<\/a><br \/>\n<a href=\"http:\/\/safeblood.asia\" target=\"_blank\" rel=\"noopener\">safeblood.asia<\/a><br \/>\n<a href=\"http:\/\/safeblood.cn\" target=\"_blank\" rel=\"noopener\">safeblood.cn<\/a><br \/>\n<a href=\"https:\/\/safeblood.com.cn\/\" target=\"_blank\" rel=\"noopener\">safeblood.com.cn<\/a><br \/>\n<a href=\"https:\/\/safeblood.net.cn\/\" target=\"_blank\" rel=\"noopener\">safeblood.net.cn<\/a><br \/>\n<a href=\"https:\/\/safeblood.org.cn\/\" target=\"_blank\" rel=\"noopener\">safeblood.org.cn<\/a><br \/>\n<a href=\"https:\/\/safeblood.in\" target=\"_blank\" rel=\"noopener\">safeblood.in<\/a><br \/>\n<a href=\"http:\/\/safeblood.in.th\" target=\"_blank\" rel=\"noopener\">safeblood.in.th<\/a><br \/>\n<a href=\"https:\/\/safeblood.jp\" target=\"_blank\" rel=\"noopener\">safeblood.jp<\/a><br \/>\n<a href=\"https:\/\/safeblood.my\" target=\"_blank\" rel=\"noopener\">safeblood.my<\/a><br \/>\n<a href=\"https:\/\/safeblood.ph\" target=\"_blank\" rel=\"noopener\">safeblood.ph<\/a><br \/>\n<a href=\"https:\/\/safeblood.ru\" target=\"_blank\" rel=\"noopener\">safeblood.ru<\/a><br \/>\n<a href=\"http:\/\/safeblood.in.th\" target=\"_blank\" rel=\"noopener\">\u0e40\u0e25\u0e37\u0e2d\u0e14\u0e17\u0e35\u0e48\u0e1b\u0e25\u0e2d\u0e14\u0e20\u0e31\u0e22.TH<\/a><br \/>\n<a href=\"http:\/\/safeblood.in.th\" target=\"_blank\" rel=\"noopener\">\u0e40\u0e25\u0e37\u0e2d\u0e14\u0e17\u0e35\u0e48\u0e1b\u0e25\u0e2d\u0e14\u0e20\u0e31\u0e22.\u0e44\u0e17\u0e22<\/a><\/p>\n<p><strong>AUSTRALIE\/OC\u00c9ANIE<\/strong><\/p>\n<p><a href=\"http:\/\/safeblood.au\" target=\"_blank\" rel=\"noopener\">safeblood.au<\/a><br \/>\n<a href=\"http:\/\/safeblood.nz\" target=\"_blank\" rel=\"noopener\">safeblood.nz<\/a><br \/>\n<a href=\"https:\/\/safeblood.tv\" target=\"_blank\" rel=\"noopener\">safeblood.tv<\/a><\/p>\n<p><strong>EUROPE<\/strong><\/p>\n<p><a href=\"http:\/\/safeblood.at\" target=\"_blank\" rel=\"noopener\">safeblood.at<\/a><br \/>\n<a href=\"http:\/\/safeblood.be\" target=\"_blank\" rel=\"noopener\">safeblood.be<\/a><br \/>\n<a href=\"https:\/\/safeblood.tv\/fr\/\" target=\"_blank\" rel=\"noopener\">safeblood.ch<\/a><br \/>\n<a href=\"https:\/\/safeblood.cz\" target=\"_blank\" rel=\"noopener\">safeblood.cz<\/a><br \/>\n<a href=\"http:\/\/safeblood.de\" target=\"_blank\" rel=\"noopener\">safeblood.de<\/a><br \/>\n<a href=\"https:\/\/safeblood.dk\" target=\"_blank\" rel=\"noopener\">safeblood.dk<\/a><br \/>\n<a href=\"https:\/\/safeblood.es\" target=\"_blank\" rel=\"noopener\">safeblood.es<\/a><br \/>\n<a href=\"https:\/\/safeblood.fi\" target=\"_blank\" rel=\"noopener\">safeblood.fi<\/a><br \/>\n<a href=\"http:\/\/safeblood.fr\" target=\"_blank\" rel=\"noopener\">safeblood.fr<\/a><br \/>\n<a href=\"https:\/\/safeblood.hu\" target=\"_blank\" rel=\"noopener\">safeblood.hu<\/a><br \/>\n<a href=\"https:\/\/safeblood.ie\" target=\"_blank\" rel=\"noopener\">safeblood.ie<\/a> (en cours)<br \/>\n<a href=\"http:\/\/safeblood.it\" target=\"_blank\" rel=\"noopener\">safeblood.it<\/a><br \/>\n<a href=\"https:\/\/safeblood.li\" target=\"_blank\" rel=\"noopener\">safeblood.li<\/a><br \/>\n<a href=\"http:\/\/safeblood.lu\" target=\"_blank\" rel=\"noopener\">safeblood.lu<\/a><br \/>\n<a href=\"http:\/\/safeblood.me\" target=\"_blank\" rel=\"noopener\">safeblood.me<\/a><br \/>\n<a href=\"https:\/\/safeblood.mt\/\" target=\"_blank\" rel=\"noopener\">safeblood.mt<\/a><br \/>\n<a href=\"http:\/\/safeblood.nl\" target=\"_blank\" rel=\"noopener\">safeblood.nl<\/a><br \/>\n<a href=\"https:\/\/safeblood.pl\/\" target=\"_blank\" rel=\"noopener\">safeblood.pl<\/a><br \/>\n<a href=\"https:\/\/safeblood.pt\/\" target=\"_blank\" rel=\"noopener\">safeblood.pt<\/a><br \/>\n<a href=\"https:\/\/safeblood.ro\/\" target=\"_blank\" rel=\"noopener\">safeblood.ro<\/a><br \/>\n<a href=\"https:\/\/safeblood.rs\" target=\"_blank\" rel=\"noopener\">safeblood.rs<\/a><br \/>\n<a href=\"https:\/\/safeblood.se\" target=\"_blank\" rel=\"noopener\">safeblood.se<\/a><br \/>\n<a href=\"https:\/\/safeblood.sk\" target=\"_blank\" rel=\"noopener\">safeblood.sk<\/a><br \/>\n<a href=\"http:\/\/safeblood.uk\" target=\"_blank\" rel=\"noopener\">safeblood.uk<\/a><\/p>\n<p><strong>Domaines mondiaux et non sp\u00e9cifiques \u00e0 un pays :<\/strong><\/p>\n<p class=\"p1\"><a href=\"https:\/\/blood.center\" target=\"_blank\" rel=\"noopener\">blood.center<\/a><br \/>\n<a href=\"https:\/\/safeblood.app\" target=\"_blank\" rel=\"noopener\">safeblood.app<\/a><br \/>\n<a href=\"https:\/\/safeblood.blog\" target=\"_blank\" rel=\"noopener\">safeblood.blog<\/a><br \/>\n<a href=\"https:\/\/safeblood.center\" target=\"_blank\" rel=\"noopener\">safeblood.center<\/a><br \/>\n<a href=\"https:\/\/safeblood.net\/\" target=\"_blank\" rel=\"noopener\">safeblood.charity<\/a><br \/>\n<a href=\"https:\/\/safeblood.family\" target=\"_blank\" rel=\"noopener\">safeblood.family<\/a><br \/>\n<a href=\"https:\/\/safeblood.global\" target=\"_blank\" rel=\"noopener\">safeblood.global<\/a><br \/>\n<a href=\"https:\/\/safeblood.health\" target=\"_blank\" rel=\"noopener\">safeblood.health<\/a><br \/>\n<a href=\"https:\/\/safeblood.healthcare\" target=\"_blank\" rel=\"noopener\">safeblood.healthcare<\/a><br \/>\n<a href=\"https:\/\/safeblood.info\" target=\"_blank\" rel=\"noopener\">safeblood.info<\/a><br \/>\n<a href=\"https:\/\/safeblood.international\" target=\"_blank\" rel=\"noopener\">safeblood.international<\/a><br \/>\n<a href=\"https:\/\/safeblood.life\" target=\"_blank\" rel=\"noopener\">safeblood.life<\/a><br \/>\n<a href=\"https:\/\/safeblood.live\" target=\"_blank\" rel=\"noopener\">safeblood.live<\/a><br \/>\n<a href=\"http:\/\/safeblood.net\/\" target=\"_blank\" rel=\"noopener\">safeblood.net<\/a><br \/>\n<a href=\"https:\/\/safeblood.ngo\/\" target=\"_blank\" rel=\"noopener\">safeblood.ngo<\/a><br \/>\n<a href=\"https:\/\/safeblood.online\" target=\"_blank\" rel=\"noopener\">safeblood.online<\/a><br \/>\n<a href=\"https:\/\/safeblood.org\" target=\"_blank\" rel=\"noopener\">safeblood.org<\/a><br \/>\n<a href=\"https:\/\/safeblood.store\" target=\"_blank\" rel=\"noopener\">safeblood.store<\/a><br \/>\n<a href=\"https:\/\/safeblood.world\" target=\"_blank\" rel=\"noopener\">safeblood.world<\/a><br \/>\n<a href=\"https:\/\/safebloodfoundation.com\" target=\"_blank\" rel=\"noopener\">safebloodfoundation.com<\/a><br \/>\n<a href=\"https:\/\/safebloodfoundation.org\" target=\"_blank\" rel=\"noopener\">safebloodfoundation.org<\/a><br \/>\n<a href=\"https:\/\/saveblood.africa\" target=\"_blank\" rel=\"noopener\">saveblood.africa<\/a><br \/>\n<a href=\"https:\/\/saveblood.ch\" target=\"_blank\" rel=\"noopener\">saveblood.ch<\/a><br \/>\n<a href=\"https:\/\/saveblood.info\" target=\"_blank\" rel=\"noopener\">saveblood.info<\/a><br \/>\n<a href=\"https:\/\/saveblood.net\" target=\"_blank\" rel=\"noopener\">saveblood.net<\/a><br \/>\n<a href=\"https:\/\/\u0441\u0430\u0444\u0435\u0431\u043b\u043e\u043e\u0434.org\" target=\"_blank\" rel=\"noopener\">\u0441\u0430\u0444\u0435\u0431\u043b\u043e\u043e\u0434.org<\/a><\/p>\n<h2>Safereproduction<\/h2>\n<p class=\"p1\"><a href=\"https:\/\/safereproduction.africa\" target=\"_blank\" rel=\"noopener\">safereproduction.africa<\/a><br \/>\n<a href=\"https:\/\/safereproduction.cn\" target=\"_blank\" rel=\"noopener\">safereproduction.cn<\/a><br \/>\n<a href=\"https:\/\/safereproduction.com\" target=\"_blank\" rel=\"noopener\">safereproduction.com<\/a><br \/>\n<a href=\"https:\/\/safereproduction.global\" target=\"_blank\" rel=\"noopener\">safereproduction.global<\/a><br \/>\n<a href=\"https:\/\/safereproduction.international\" target=\"_blank\" rel=\"noopener\">safereproduction.international<\/a><br \/>\n<a href=\"https:\/\/safereproduction.life\" target=\"_blank\" rel=\"noopener\">safereproduction.life<\/a><br \/>\n<a href=\"https:\/\/safereproduction.me\" target=\"_blank\" rel=\"noopener\">safereproduction.me<\/a><br \/>\n<a href=\"https:\/\/safereproduction.net\" target=\"_blank\" rel=\"noopener\">safereproduction.net<\/a><br \/>\n<a href=\"https:\/\/safereproduction.org\" target=\"_blank\" rel=\"noopener\">safereproduction.org<\/a><br \/>\n<a href=\"https:\/\/safereproduction.us\" target=\"_blank\" rel=\"noopener\">safereproduction.us<\/a><br \/>\n<a href=\"https:\/\/safereproduction.world\" target=\"_blank\" rel=\"noopener\">safereproduction.world<\/a><\/p>\n<h2>Supportjust.one<\/h2>\n<p class=\"p1\"><a href=\"https:\/\/supportjust.one\" target=\"_blank\" rel=\"noopener\">supportjust.one<\/a><br \/>\n<a href=\"https:\/\/supportjust.me\" target=\"_blank\" rel=\"noopener\">supportjust.me<\/a><br \/>\n<a href=\"https:\/\/supportjustone.net\" target=\"_blank\" rel=\"noopener\">supportjustone.net<\/a><br \/>\n<a href=\"https:\/\/supportjustone.org\" target=\"_blank\" rel=\"noopener\">supportjustone.org<\/a><br \/>\n<a href=\"https:\/\/pleasesupport.us\" target=\"_blank\" rel=\"noopener\">pleasesupport.us<\/a><\/p>\n<h2>Organisations partenaires<\/h2>\n<p><a href=\"https:\/\/worldhealthboard.net\/en-us\/\" target=\"_blank\" rel=\"noopener\">worldhealthboard.net<\/a>[\/vc_column_text][\/vc_column][\/vc_row]\n","protected":false},"excerpt":{"rendered":"<p>[vc_row type=\u00a0\u00bbin_container\u00a0\u00bb full_screen_row_position=\u00a0\u00bbmiddle\u00a0\u00bb column_margin=\u00a0\u00bbdefault\u00a0\u00bb column_direction=\u00a0\u00bbdefault\u00a0\u00bb column_direction_tablet=\u00a0\u00bbdefault\u00a0\u00bb column_direction_phone=\u00a0\u00bbdefault\u00a0\u00bb scene_position=\u00a0\u00bbcenter\u00a0\u00bb text_color=\u00a0\u00bbdark\u00a0\u00bb text_align=\u00a0\u00bbleft\u00a0\u00bb row_border_radius=\u00a0\u00bbnone\u00a0\u00bb row_border_radius_applies=\u00a0\u00bbbg\u00a0\u00bb overlay_strength=\u00a0\u00bb0.3&Prime; gradient_direction=\u00a0\u00bbleft_to_right\u00a0\u00bb shape_divider_position=\u00a0\u00bbbottom\u00a0\u00bb bg_image_animation=\u00a0\u00bbnone\u00a0\u00bb][vc_column column_padding=\u00a0\u00bbno-extra-padding\u00a0\u00bb column_padding_tablet=\u00a0\u00bbinherit\u00a0\u00bb column_padding_phone=\u00a0\u00bbinherit\u00a0\u00bb column_padding_position=\u00a0\u00bball\u00a0\u00bb column_element_spacing=\u00a0\u00bbdefault\u00a0\u00bb background_color_opacity=\u00a0\u00bb1&Prime; background_hover_color_opacity=\u00a0\u00bb1&Prime; column_shadow=\u00a0\u00bbnone\u00a0\u00bb column_border_radius=\u00a0\u00bbnone\u00a0\u00bb column_link_target=\u00a0\u00bb_self\u00a0\u00bb gradient_direction=\u00a0\u00bbleft_to_right\u00a0\u00bb overlay_strength=\u00a0\u00bb0.3&Prime; width=\u00a0\u00bb1\/1&Prime; tablet_width_inherit=\u00a0\u00bbdefault\u00a0\u00bb&#8230;<\/p>\n","protected":false},"author":2,"featured_media":0,"parent":0,"menu_order":0,"comment_status":"closed","ping_status":"open","template":"","meta":[],"_links":{"self":[{"href":"https:\/\/safeblood.tv\/fr\/wp-json\/wp\/v2\/pages\/79240"}],"collection":[{"href":"https:\/\/safeblood.tv\/fr\/wp-json\/wp\/v2\/pages"}],"about":[{"href":"https:\/\/safeblood.tv\/fr\/wp-json\/wp\/v2\/types\/page"}],"author":[{"embeddable":true,"href":"https:\/\/safeblood.tv\/fr\/wp-json\/wp\/v2\/users\/2"}],"replies":[{"embeddable":true,"href":"https:\/\/safeblood.tv\/fr\/wp-json\/wp\/v2\/comments?post=79240"}],"version-history":[{"count":9,"href":"https:\/\/safeblood.tv\/fr\/wp-json\/wp\/v2\/pages\/79240\/revisions"}],"predecessor-version":[{"id":80042,"href":"https:\/\/safeblood.tv\/fr\/wp-json\/wp\/v2\/pages\/79240\/revisions\/80042"}],"wp:attachment":[{"href":"https:\/\/safeblood.tv\/fr\/wp-json\/wp\/v2\/media?parent=79240"}],"curies":[{"name":"wp","href":"https:\/\/api.w.org\/{rel}","templated":true}]}}