{"id":71506,"date":"2023-08-11T11:47:28","date_gmt":"2023-08-11T09:47:28","guid":{"rendered":"https:\/\/safeblood.tv\/?page_id=71506"},"modified":"2023-08-28T16:27:15","modified_gmt":"2023-08-28T14:27:15","slug":"exempo-de-informacao-de-emergencia","status":"publish","type":"page","link":"https:\/\/safeblood.tv\/pt-pt\/exempo-de-informacao-de-emergencia\/","title":{"rendered":"Exempo de Informa\u00e7\u00e3o de Emerg\u00eancia"},"content":{"rendered":"[vc_row type=&#8221;in_container&#8221; full_screen_row_position=&#8221;middle&#8221; column_margin=&#8221;default&#8221; column_direction=&#8221;default&#8221; column_direction_tablet=&#8221;default&#8221; column_direction_phone=&#8221;default&#8221; scene_position=&#8221;center&#8221; text_color=&#8221;dark&#8221; text_align=&#8221;left&#8221; row_border_radius=&#8221;none&#8221; row_border_radius_applies=&#8221;bg&#8221; overlay_strength=&#8221;0.3&#8243; gradient_direction=&#8221;left_to_right&#8221; shape_divider_position=&#8221;bottom&#8221; bg_image_animation=&#8221;none&#8221;][vc_column column_padding=&#8221;no-extra-padding&#8221; column_padding_tablet=&#8221;inherit&#8221; column_padding_phone=&#8221;inherit&#8221; column_padding_position=&#8221;all&#8221; column_element_spacing=&#8221;default&#8221; background_color_opacity=&#8221;1&#8243; background_hover_color_opacity=&#8221;1&#8243; column_shadow=&#8221;none&#8221; column_border_radius=&#8221;none&#8221; column_link_target=&#8221;_self&#8221; gradient_direction=&#8221;left_to_right&#8221; overlay_strength=&#8221;0.3&#8243; width=&#8221;1\/1&#8243; tablet_width_inherit=&#8221;default&#8221; tablet_text_alignment=&#8221;default&#8221; phone_text_alignment=&#8221;default&#8221; bg_image_animation=&#8221;none&#8221; border_type=&#8221;simple&#8221; column_border_width=&#8221;none&#8221; column_border_style=&#8221;solid&#8221;][vc_column_text]\n<p class=\"p1\">Este \u00e9 um <strong>exemplo da informa\u00e7\u00e3o de emerg\u00eancia<\/strong> (imagem \u00e0 esquerda) que o pessoal m\u00e9dico de emerg\u00eancia ver\u00e1 quando digitalizar o c\u00f3digo QR do seu cart\u00e3o de identifica\u00e7\u00e3o de membro ou aceder ao link associado. O pessoal m\u00e9dico ver\u00e1 toda a informa\u00e7\u00e3o m\u00e9dica relevante e ter\u00e1 acesso ao seu testamento vital. (Pode ver todo o testamento vital em &#8220;Exemplo de <a href=\"https:\/\/safeblood.pt\/pt-pt\/exemplo-de-testamento-vital\/\" target=\"_blank\" rel=\"noopener\">Testamento Vital<\/a>&#8220;).<\/p>\n<p class=\"p1\">Uma vantagem importante aqui \u00e9 que o pessoal m\u00e9dico assistente pode traduzir esta informa\u00e7\u00e3o de emerg\u00eancia diretamente no website para todas as l\u00ednguas comuns do mundo numa quest\u00e3o de segundos (imagem \u00e0 direita). Isto assegura-lhe que ser\u00e1 tratado adequadamente em todo o mundo.<\/p>\n<p class=\"p1\">Se quiser a sua pr\u00f3pria informa\u00e7\u00e3o de emerg\u00cancia, aceda ao <a href=\"https:\/\/safeblood.pt\/pt-pt\/login-iniciar-sessao\/\" target=\"_blank\" rel=\"noopener\">login<\/a> como membro, onde pode modificar este documento como desejar. Ou pode tornar-se um membro <a href=\"https:\/\/safeblood.pt\/pt-pt\/torne-se-um-membro\/\" target=\"_blank\" rel=\"noopener\">aqui<\/a>. Assim, n\u00e3o s\u00f3 ter\u00e1 o seu pr\u00f3prio testamento e cart\u00e3o de membro\/grupo sangu\u00edneo, como tamb\u00e9m um c\u00f3digo individual de emerg\u00eancia.<\/p>\n<p><a href=\"https:\/\/safeblood.tv\/wp-content\/uploads\/2023\/08\/patientenverfu\u0308gung-u\u0308bersetzen-portugiesisch.jpg\"><img loading=\"lazy\" class=\"alignleft size-large wp-image-72161\" src=\"https:\/\/safeblood.tv\/wp-content\/uploads\/2023\/08\/patientenverfu\u0308gung-u\u0308bersetzen-portugiesisch-1024x737.jpg\" alt=\"\" width=\"1024\" height=\"737\" srcset=\"https:\/\/safeblood.tv\/wp-content\/uploads\/2023\/08\/patientenverfu\u0308gung-u\u0308bersetzen-portugiesisch-1024x737.jpg 1024w, https:\/\/safeblood.tv\/wp-content\/uploads\/2023\/08\/patientenverfu\u0308gung-u\u0308bersetzen-portugiesisch-300x216.jpg 300w, https:\/\/safeblood.tv\/wp-content\/uploads\/2023\/08\/patientenverfu\u0308gung-u\u0308bersetzen-portugiesisch-768x552.jpg 768w, https:\/\/safeblood.tv\/wp-content\/uploads\/2023\/08\/patientenverfu\u0308gung-u\u0308bersetzen-portugiesisch-1536x1105.jpg 1536w, https:\/\/safeblood.tv\/wp-content\/uploads\/2023\/08\/patientenverfu\u0308gung-u\u0308bersetzen-portugiesisch-2048x1473.jpg 2048w\" sizes=\"(max-width: 1024px) 100vw, 1024px\" \/><\/a>[\/vc_column_text][\/vc_column][\/vc_row]\n","protected":false},"excerpt":{"rendered":"<p>[vc_row type=&#8221;in_container&#8221; full_screen_row_position=&#8221;middle&#8221; column_margin=&#8221;default&#8221; column_direction=&#8221;default&#8221; column_direction_tablet=&#8221;default&#8221; column_direction_phone=&#8221;default&#8221; scene_position=&#8221;center&#8221; text_color=&#8221;dark&#8221; text_align=&#8221;left&#8221; row_border_radius=&#8221;none&#8221; row_border_radius_applies=&#8221;bg&#8221; overlay_strength=&#8221;0.3&#8243; gradient_direction=&#8221;left_to_right&#8221; shape_divider_position=&#8221;bottom&#8221; bg_image_animation=&#8221;none&#8221;][vc_column column_padding=&#8221;no-extra-padding&#8221; column_padding_tablet=&#8221;inherit&#8221; column_padding_phone=&#8221;inherit&#8221; column_padding_position=&#8221;all&#8221; column_element_spacing=&#8221;default&#8221; background_color_opacity=&#8221;1&#8243; background_hover_color_opacity=&#8221;1&#8243; column_shadow=&#8221;none&#8221; column_border_radius=&#8221;none&#8221; column_link_target=&#8221;_self&#8221; gradient_direction=&#8221;left_to_right&#8221; overlay_strength=&#8221;0.3&#8243; width=&#8221;1\/1&#8243; tablet_width_inherit=&#8221;default&#8221;&#8230;<\/p>\n","protected":false},"author":2,"featured_media":0,"parent":0,"menu_order":0,"comment_status":"closed","ping_status":"closed","template":"","meta":[],"_links":{"self":[{"href":"https:\/\/safeblood.tv\/pt-pt\/wp-json\/wp\/v2\/pages\/71506"}],"collection":[{"href":"https:\/\/safeblood.tv\/pt-pt\/wp-json\/wp\/v2\/pages"}],"about":[{"href":"https:\/\/safeblood.tv\/pt-pt\/wp-json\/wp\/v2\/types\/page"}],"author":[{"embeddable":true,"href":"https:\/\/safeblood.tv\/pt-pt\/wp-json\/wp\/v2\/users\/2"}],"replies":[{"embeddable":true,"href":"https:\/\/safeblood.tv\/pt-pt\/wp-json\/wp\/v2\/comments?post=71506"}],"version-history":[{"count":4,"href":"https:\/\/safeblood.tv\/pt-pt\/wp-json\/wp\/v2\/pages\/71506\/revisions"}],"predecessor-version":[{"id":72170,"href":"https:\/\/safeblood.tv\/pt-pt\/wp-json\/wp\/v2\/pages\/71506\/revisions\/72170"}],"wp:attachment":[{"href":"https:\/\/safeblood.tv\/pt-pt\/wp-json\/wp\/v2\/media?parent=71506"}],"curies":[{"name":"wp","href":"https:\/\/api.w.org\/{rel}","templated":true}]}}