{"id":72079,"date":"2023-08-27T15:42:40","date_gmt":"2023-08-27T13:42:40","guid":{"rendered":"https:\/\/safeblood.tv\/?page_id=72079"},"modified":"2026-02-23T17:25:02","modified_gmt":"2026-02-23T16:25:02","slug":"contactos","status":"publish","type":"page","link":"https:\/\/safeblood.tv\/pt-pt\/contactos\/","title":{"rendered":"Contactos"},"content":{"rendered":"[vc_row type=&#8221;in_container&#8221; full_screen_row_position=&#8221;middle&#8221; column_margin=&#8221;default&#8221; column_direction=&#8221;default&#8221; column_direction_tablet=&#8221;default&#8221; column_direction_phone=&#8221;default&#8221; scene_position=&#8221;center&#8221; text_color=&#8221;dark&#8221; text_align=&#8221;left&#8221; row_border_radius=&#8221;none&#8221; row_border_radius_applies=&#8221;bg&#8221; overlay_strength=&#8221;0.3&#8243; gradient_direction=&#8221;left_to_right&#8221; shape_divider_position=&#8221;bottom&#8221; bg_image_animation=&#8221;none&#8221;][vc_column column_padding=&#8221;no-extra-padding&#8221; column_padding_tablet=&#8221;inherit&#8221; column_padding_phone=&#8221;inherit&#8221; column_padding_position=&#8221;all&#8221; column_element_spacing=&#8221;default&#8221; background_color_opacity=&#8221;1&#8243; background_hover_color_opacity=&#8221;1&#8243; column_shadow=&#8221;none&#8221; column_border_radius=&#8221;none&#8221; column_link_target=&#8221;_self&#8221; gradient_direction=&#8221;left_to_right&#8221; overlay_strength=&#8221;0.3&#8243; width=&#8221;1\/2&#8243; tablet_width_inherit=&#8221;default&#8221; tablet_text_alignment=&#8221;default&#8221; phone_text_alignment=&#8221;default&#8221; bg_image_animation=&#8221;none&#8221; border_type=&#8221;simple&#8221; column_border_width=&#8221;none&#8221; column_border_style=&#8221;solid&#8221;][vc_column_text]<strong>Envie-nos uma mensagem de correio eletr\u00f3nico para o endere\u00e7o respetivo do seu pa\u00eds<\/strong><\/p>\n<h3>EUROPA<\/h3>\n<p><strong>\u00c1ustria \u00a0<\/strong><a href=\"mailto:info@safeblood.at\">info@safeblood.at<\/a><br \/>\n<em>Telegrama:<\/em> <a href=\"https:\/\/t.me\/SafeBlood\" target=\"_blank\" rel=\"noopener\">https:\/\/t.me\/SafeBlood<\/a><\/p>\n<p><strong>B\u00e9lgica \u00a0<\/strong><a href=\"mailto:info@safeblood.be\">info@safeblood.be<\/a><\/p>\n<p><strong>Dinamarca \u00a0<\/strong><a href=\"mailto:info@safeblood.dk\" target=\"_blank\" rel=\"noopener\">info@safeblood.dk<\/a><br \/>\n<a href=\"https:\/\/safeblood.dk\/en\/location\/news-from-the-countries\/denmark\/\" target=\"_blank\" rel=\"noopener\">https:\/\/safeblood.dk\/en\/location\/news-from-the-countries\/denmark\/<\/a><\/p>\n<p><strong>Finl\u00e2ndia \u00a0<\/strong><a href=\"mailto:info@safeblood.fi\" target=\"_blank\" rel=\"noopener\">info@safeblood.fi<\/a><br \/>\n<a href=\"https:\/\/safeblood.fi\/en\/location\/news-from-the-countries\/finland\/\" target=\"_blank\" rel=\"noopener\">https:\/\/safeblood.fi\/en\/location\/news-from-the-countries\/finland\/<\/a><\/p>\n<p><strong>Fran\u00e7a \u00a0<\/strong><a href=\"mailto:info@safeblood.fr\">info@safeblood.fr<\/a><br \/>\n<a href=\"https:\/\/safeblood.fr\/en\/location\/news-from-the-countries\/france\/\" target=\"_blank\" rel=\"noopener\">https:\/\/safeblood.fr\/en\/location\/news-from-the-countries\/france\/<\/a><\/p>\n<p><b>Alemanha \u00a0<\/b><a href=\"mailto:info@safeblood.de\">info@safeblood.de<\/a><br \/>\n<em>por prov\u00edncia:<\/em><br \/>\n<a class=\"mail-link\" href=\"mailto:infoBAYERN@safeblood.de\" target=\"_blank\" rel=\"noopener\" data-enc-email=\"vasbONLREA[at]fnsroybbq.qr\" data-wpel-link=\"ignore\"><span id=\"eeb-7052-290224\">infoBAYERN@safeblood.de<\/span><\/a><br \/>\n<a class=\"mail-link\" href=\"mailto:infoBERLIN@safeblood.de\" target=\"_blank\" rel=\"noopener\" data-enc-email=\"vasbOREYVA[at]fnsroybbq.qr\" data-wpel-link=\"ignore\"><span id=\"eeb-585898-60682\">infoBERLIN@safeblood.de<\/span><\/a><br \/>\n<a class=\"mail-link\" href=\"mailto:infoBW@safeblood.de\" target=\"_blank\" rel=\"noopener\" data-enc-email=\"vasbOJ[at]fnsroybbq.qr\" data-wpel-link=\"ignore\"><span id=\"eeb-339519-82311\">infoBW@safeblood.de<\/span><\/a><br \/>\n<a href=\"mailto:infoHESSEN@safeblood.de\" target=\"_blank\" rel=\"noopener\">infoHESSEN@safeblood.de<\/a><br \/>\n<a class=\"mail-link\" href=\"mailto:infoOstdeutschland@safeblood.de\" target=\"_blank\" rel=\"noopener\" data-enc-email=\"vasbBfgqrhgfpuynaq[at]fnsroybbq.qr\" data-wpel-link=\"ignore\"><span id=\"eeb-765971-961851\">infoOstdeutschland@safeblood.de<\/span><\/a><br \/>\n<a class=\"mail-link\" href=\"mailto:infoNRW@safeblood.de\" target=\"_blank\" rel=\"noopener\" data-enc-email=\"vasbAEJ[at]fnsroybbq.qr\" data-wpel-link=\"ignore\"><span id=\"eeb-143359-513817\">infoNRW@safeblood.de<\/span><\/a><br \/>\n<em>Telegrama:<\/em> <a href=\"https:\/\/t.me\/SafeBlood\" target=\"_blank\" rel=\"noopener\">https:\/\/t.me\/SafeBlood<\/a><br \/>\n<a href=\"https:\/\/safeblood.de\/location\/news-aus-den-laendern\/deutschland\/\" target=\"_blank\" rel=\"noopener\">https:\/\/safeblood.de\/location\/news-aus-den-laendern\/deutschland\/<\/a><\/p>\n<p><strong>It\u00e1lia \u00a0<\/strong><a href=\"mailto:info@safeblood.it\">info@safeblood.it<\/a><br \/>\n<a href=\"https:\/\/safeblood.it\/en\/location\/news-from-the-countries\/italy\/\" target=\"_blank\" rel=\"noopener\">https:\/\/safeblood.it\/en\/location\/news-from-the-countries\/italy\/<\/a><\/p>\n<p><strong>Luxemburgo \u00a0<\/strong><a href=\"mailto:info@safeblood.lu\">info@safeblood.lu<\/a><\/p>\n<p><strong>Pa\u00edses Baixos \u00a0<\/strong><a href=\"mailto:info@safeblood.nl\">info@safeblood.nl<\/a><br \/>\n<em> Telegrama 1:<\/em> <a href=\"https:\/\/t.me\/+Tkp05awJf_hhZjNk\" target=\"_blank\" rel=\"noopener\">https:\/\/t.me\/+Tkp05awJf_hhZjNk<\/a><br \/>\n<em> Telegrama 2:<\/em> <a href=\"https:\/\/t.me\/+Ubkn69qP0C4yZTk0\" target=\"_blank\" rel=\"noopener\">https:\/\/t.me\/+Ubkn69qP0C4yZTk0<\/a><br \/>\n<a href=\"https:\/\/safeblood.nl\/nl\/location\/nieuws-uit-de-landen\/nederland\/\" target=\"_blank\" rel=\"noopener\">https:\/\/safeblood.nl\/nl\/location\/nieuws-uit-de-landen\/nederland\/<\/a><\/p>\n<p><strong>Noruega \u00a0<\/strong><a href=\"mailto:info@safeblood.net\" target=\"_blank\" rel=\"noopener\">info@safeblood.net<\/a><br \/>\n<a href=\"https:\/\/safeblood.net\/en\/location\/news-from-the-countries\/norway\/\" target=\"_blank\" rel=\"noopener\">https:\/\/safeblood.net\/en\/location\/news-from-the-countries\/norway\/<\/a><\/p>\n<p><strong>Pol\u00f3nia \u00a0<\/strong><a href=\"mailto:info@safeblood.pl\">info@safeblood.pl<\/a><\/p>\n<p><strong>Portugal<\/strong>\u00a0 \u00a0<a href=\"mailto:info@safeblood.pt\">info@safeblood.pt<\/a><br \/>\n<a href=\"https:\/\/safeblood.pt\/pt-pt\/location\/noticias-dos-paises\/portugal-pt-pt\/\" target=\"_blank\" rel=\"noopener\">https:\/\/safeblood.pt\/pt-pt\/location\/noticias-dos-paises\/portugal-pt-pt\/<\/a><br \/>\n<a href=\"https:\/\/safeblood.pt\/en\/location\/news-from-the-countries\/portugal\/\" target=\"_blank\" rel=\"noopener\">https:\/\/safeblood.pt\/en\/location\/news-from-the-countries\/portugal\/<\/a><\/p>\n<p><strong>Rom\u00e9nia<\/strong> \u00a0<a href=\"mailto:info@safeblood.ro\" target=\"_blank\" rel=\"noopener\">info@safeblood.ro<\/a><\/p>\n<p><strong>S\u00e9rvia<\/strong> \u00a0<a href=\"mailto:info@safeblood.rs\" target=\"_blank\" rel=\"noopener\">info@safeblood.rs<\/a><br \/>\n<em>Telegrama:<\/em> <a href=\"https:\/\/t.me\/safeblood_srbija\" target=\"_blank\" rel=\"noopener\">https:\/\/t.me\/safeblood_srbija<\/a><br \/>\n<a href=\"https:\/\/safeblood.rs\/en\/location\/news-from-the-countries\/serbia\/\" target=\"_blank\" rel=\"noopener\">https:\/\/safeblood.rs\/en\/location\/news-from-the-countries\/serbia\/<\/a><\/p>\n<p><strong>Su\u00e9cia<\/strong> \u00a0<a href=\"mailto:info@safeblood.se\" target=\"_blank\" rel=\"noopener\">info@safeblood.se<\/a><br \/>\n<a href=\"https:\/\/safeblood.se\/en\/location\/news-from-the-countries\/sweden\/\" target=\"_blank\" rel=\"noopener\">https:\/\/safeblood.se\/en\/location\/news-from-the-countries\/sweden\/<\/a><\/p>\n<p><strong>Su\u00ed\u00e7a \u00a0<\/strong><a href=\"mailto:info@safeblood.ch\">info@safeblood.ch<\/a><br \/>\n<em>Telegrama:<\/em> <a href=\"https:\/\/t.me\/SafeBlood\" target=\"_blank\" rel=\"noopener\">https:\/\/t.me\/SafeBlood<\/a><br \/>\n<a href=\"https:\/\/safeblood.tv\/location\/noticias-especificas-de-cada-pais\/schweiz\/\" target=\"_blank\" rel=\"noopener\">https:\/\/safeblood.tv\/location\/news-aus-den-laendern\/schweiz\/<\/a><br \/>\n<a href=\"https:\/\/safeblood.tv\/it\/location\/news-from-the-countries\/svizzera-italiana-en\/\" target=\"_blank\" rel=\"noopener\">https:\/\/safeblood.tv\/en\/location\/news-from-the-countries\/svizzera-italiana-en\/<\/a><br \/>\n<a href=\"https:\/\/safeblood.tv\/en\/location\/news-from-the-countries\/suisse-romande-en\/\" target=\"_blank\" rel=\"noopener\">https:\/\/safeblood.tv\/en\/location\/news-from-the-countries\/suisse-romande-en\/<\/a><\/p>\n<p><strong>Reino Unido<\/strong> <a href=\"mailto:info@safeblood.uk\">info@safeblood.uk<\/a><br \/>\n<em>Telegrama:<\/em> <a href=\"https:\/\/t.me\/safeblood_en\" target=\"_blank\" rel=\"noopener\">https:\/\/t.me\/safeblood_en<\/a><br \/>\n<a href=\"https:\/\/safeblood.uk\/en\/location\/news-from-the-countries\/united-kingdom\/\" target=\"_blank\" rel=\"noopener\">https:\/\/safeblood.uk\/en\/location\/news-from-the-countries\/united-kingdom\/<\/a>[\/vc_column_text][\/vc_column][vc_column column_padding=&#8221;no-extra-padding&#8221; column_padding_tablet=&#8221;inherit&#8221; column_padding_phone=&#8221;inherit&#8221; column_padding_position=&#8221;all&#8221; column_element_spacing=&#8221;default&#8221; background_color_opacity=&#8221;1&#8243; background_hover_color_opacity=&#8221;1&#8243; column_shadow=&#8221;none&#8221; column_border_radius=&#8221;none&#8221; column_link_target=&#8221;_self&#8221; gradient_direction=&#8221;left_to_right&#8221; overlay_strength=&#8221;0.3&#8243; width=&#8221;1\/2&#8243; tablet_width_inherit=&#8221;default&#8221; tablet_text_alignment=&#8221;default&#8221; phone_text_alignment=&#8221;default&#8221; bg_image_animation=&#8221;none&#8221; border_type=&#8221;simple&#8221; column_border_width=&#8221;none&#8221; column_border_style=&#8221;solid&#8221;][vc_column_text]\n<h3>AS AM\u00c9RICAS<\/h3>\n<p><strong>EUA \u00a0<\/strong><a href=\"mailto:info@safeblood.com\">info@safeblood.com<\/a><br \/>\n<em>por regi\u00e3o ou departamento:<\/em><br \/>\n<strong>Quest\u00f5es de car\u00e1cter geral<\/strong>:<br \/>\nNordeste: <a class=\"mail-link\" href=\"mailto:info.northeast@safeblood.com\" target=\"_blank\" rel=\"noopener\" data-enc-email=\"vasb.abegurnfg[at]fnsroybbq.hf\" data-wpel-link=\"ignore\"><span id=\"eeb-66893-433315\">info.northeast@safeblood.com<\/span><\/a><br \/>\nSudeste: <a class=\"mail-link\" href=\"mailto:info.southeast@safeblood.com\" target=\"_blank\" rel=\"noopener\" data-enc-email=\"vasb.fbhgurnfg[at]fnsroybbq.hf\" data-wpel-link=\"ignore\"><span id=\"eeb-770098-591841\">info.southeast@safeblood.com<\/span><\/a><br \/>\nCentro-Oeste: <a class=\"mail-link\" href=\"mailto:info.midwest@safeblood.com\" target=\"_blank\" rel=\"noopener\" data-enc-email=\"vasb.zvqjrfg[at]fnsroybbq.hf\" data-wpel-link=\"ignore\"><span id=\"eeb-168766-856205\">info.midwest@safeblood.com<\/span><\/a><br \/>\nSudoeste: <a class=\"mail-link\" href=\"mailto:info.southwest@safeblood.com\" target=\"_blank\" rel=\"noopener\" data-enc-email=\"vasb.fbhgujrfg[at]fnsroybbq.hf\" data-wpel-link=\"ignore\"><span id=\"eeb-730858-302935\">info.southwest@safeblood.com<\/span><\/a><br \/>\nOeste: <a class=\"mail-link\" href=\"mailto:info.west@safeblood.com\" target=\"_blank\" rel=\"noopener\" data-enc-email=\"vasb.jrfg[at]fnsroybbq.hf\" data-wpel-link=\"ignore\"><span id=\"eeb-971308-472110\">info.west@safeblood.com<\/span><\/a><br \/>\nTerrit\u00f3rios do Atl\u00e2ntico e do Pac\u00edfico dos EUA: <a class=\"mail-link\" href=\"mailto:info.territories@safeblood.com\" target=\"_blank\" rel=\"noopener\" data-enc-email=\"vasb.greevgbevrf[at]fnsroybbq.hf\" data-wpel-link=\"ignore\"><span id=\"eeb-870676-6320\">info.territories@safeblood.com<\/span><\/a><br \/>\nPara quest\u00f5es relacionadas com os meios de comunica\u00e7\u00e3o social: <a href=\"mailto:media@safeblood.com\" target=\"_blank\" rel=\"noopener\">media@safeblood.com<\/a><br \/>\nRela\u00e7\u00f5es com <strong>parceiros m\u00e9dicos<\/strong>: <a class=\"mail-link\" href=\"mailto:medicalpartner@safeblood.com\" target=\"_blank\" rel=\"noopener\" data-enc-email=\"zrqvpnycnegare[at]fnsroybbq.hf\" data-wpel-link=\"ignore\"><span id=\"eeb-233512-706717\">medicalpartner@safeblood.com<\/span><\/a><br \/>\n<strong>Quest\u00f5es t\u00e9cnicas<\/strong>: <a href=\"mailto:support@safeblood.com\" target=\"_blank\" rel=\"noopener\">support@safeblood.com<\/a><br \/>\n<em>Telegrama:<\/em> <a href=\"https:\/\/t.me\/safeblood_en\" target=\"_blank\" rel=\"noopener\">https:\/\/t.me\/safeblood_en<\/a><br \/>\n<a href=\"https:\/\/safeblood.net\/en\/location\/news-from-the-countries\/usa\/\" target=\"_blank\" rel=\"noopener\">https:\/\/safeblood.net\/en\/location\/news-from-the-countries\/usa\/<\/a><br \/>\n<em>X (Twitter):\u00a0<\/em> <a href=\"https:\/\/twitter.com\/Safe_Blood3\" target=\"_blank\" rel=\"noopener\">https:\/\/twitter.com\/Safe_Blood3<\/a><\/p>\n<p><strong>Ilha das Bermudas \u00a0<\/strong><a href=\"mailto:info.bermuda@safeblood.net\" target=\"_blank\" rel=\"noopener\">info.bermuda@safeblood.net<\/a><br \/>\n<a href=\"https:\/\/safeblood.net\/en\/location\/news-from-the-countries\/bermuda\/\" target=\"_blank\" rel=\"noopener\">https:\/\/safeblood.net\/en\/location\/news-from-the-countries\/bermuda\/<\/a><\/p>\n<p><strong>Canad\u00e1 \u00a0<\/strong><a href=\"mailto:info@safeblood.ca\" target=\"_blank\" rel=\"noopener\">info@safeblood.ca<\/a><br \/>\n<em>Telegram:<\/em> <a href=\"https:\/\/t.me\/SafeBlood_Canada\" target=\"_blank\" rel=\"noopener\">https:\/\/t.me\/SafeBlood_Canada<\/a><br \/>\n<a href=\"https:\/\/safeblood.ca\/en\/location\/news-from-the-countries\/canada\/\" target=\"_blank\" rel=\"noopener\">https:\/\/safeblood.ca\/en\/location\/news-from-the-countries\/canada\/<\/a><\/p>\n<p><strong>M\u00e9xico \u00a0<\/strong><a href=\"mailto:info@safeblood.mx\">info@safeblood.mx<\/a><br \/>\n<a href=\"https:\/\/safeblood.mx\/en\/location\/news-from-the-countries\/mexico\/\" target=\"_blank\" rel=\"noopener\">https:\/\/safeblood.mx\/en\/location\/news-from-the-countries\/mexico\/<\/a><\/p>\n<h3>AUSTR\u00c1LIA\/OCE\u00c2NIA<\/h3>\n<p><strong>Austr\u00e1lia \u00a0<\/strong><a href=\"mailto:info@safeblood.au\">info@safeblood.au<\/a><br \/>\n<a href=\"https:\/\/safeblood.au\/en\/location\/news-from-the-countries\/australia\/\" target=\"_blank\" rel=\"noopener\">https:\/\/safeblood.au\/en\/location\/news-from-the-countries\/australia\/<\/a><\/p>\n<p><strong>Nova Zel\u00e2ndia \u00a0<\/strong><a href=\"mailto:info@safeblood.nz\" target=\"_blank\" rel=\"noopener\">info@safeblood.nz<\/a><br \/>\n<a href=\"https:\/\/safeblood.nz\/en\/location\/news-from-the-countries\/new-zealand\/\" target=\"_blank\" rel=\"noopener\">https:\/\/safeblood.nz\/en\/location\/news-from-the-countries\/new-zealand\/<\/a><\/p>\n<h3>\u00c1FRICA<\/h3>\n<p><strong>toda a \u00c1FRICA \u00a0<\/strong><a href=\"mailto:kay@safeblood.africa\">kay@safeblood.africa<\/a><\/p>\n<p><strong>Qu\u00e9nia\u00a0\u00a0 <\/strong><a class=\"mail-link\" href=\"mailto:officeKE@safeblood.africa\" target=\"_blank\" rel=\"noopener\" data-enc-email=\"bssvprXR[at]fnsroybbq.nsevpn\" data-wpel-link=\"ignore\"><span id=\"eeb-347554-90830\">officeKE@safeblood.africa<\/span><\/a><\/p>\n<p><strong>Uganda\u00a0\u00a0 <\/strong><a class=\"mail-link\" href=\"mailto:officeUG@safeblood.africa\" target=\"_blank\" rel=\"noopener\" data-enc-email=\"bssvprHT[at]fnsroybbq.nsevpn\" data-wpel-link=\"ignore\"><span id=\"eeb-950875-826892\">officeUG@safeblood.africa<\/span><\/a><\/p>\n<p><strong>\u00c1frica do Sul\u00a0\u00a0 <\/strong><span id=\"eeb-65887-707788\"><\/span><a class=\"mail-link\" href=\"mailto:officeZA@safeblood.africa\" target=\"_blank\" rel=\"noopener\" data-enc-email=\"bssvprMN[at]fnsroybbq.nsevpn\" data-wpel-link=\"ignore\"><span id=\"eeb-794271-9453\">officeZA@safeblood.africa<\/span><\/a><\/p>\n<p><strong>Z\u00e2mbia\u00a0 <\/strong> <a class=\"mail-link\" href=\"mailto:officeZM@safeblood.africa\" target=\"_blank\" rel=\"noopener\" data-enc-email=\"bssvprMZ[at]fnsroybbq.nsevpn\" data-wpel-link=\"ignore\"><span id=\"eeb-65887-707788\">officeZM@safeblood.africa<\/span><\/a><\/p>\n<p><em>Telegrama:<\/em> <a href=\"https:\/\/t.me\/safeblood_en\" target=\"_blank\" rel=\"noopener\">https:\/\/t.me\/safeblood_en<\/a><br \/>\n<a href=\"https:\/\/safeblood.africa\/en\/location\/news-from-the-countries\/africa\/\" target=\"_blank\" rel=\"noopener\">https:\/\/safeblood.africa\/en\/location\/news-from-the-countries\/africa\/<\/a><\/p>\n<h3>\u00c1SIA<\/h3>\n<p><strong>toda a \u00c1SIA<\/strong> \u00a0<a href=\"mailto:info@safeblood.asia\">info@safeblood.asia<\/a><\/p>\n<p><strong>China<\/strong>\u00a0 \u00a0<a href=\"mailto:info@safeblood.cn\" target=\"_blank\" rel=\"noopener\">info@safeblood.cn<\/a><\/p>\n<p><strong>\u00cdndia<\/strong> \u00a0 <a href=\"mailto:info@safeblood.in\" target=\"_blank\" rel=\"noopener\">info@safeblood.in<\/a><\/p>\n<p><strong>Jap\u00e3o<\/strong> \u00a0<a href=\"mailto:info@safeblood.jp\" target=\"_blank\" rel=\"noopener\">info@safeblood.jp<\/a><\/p>\n<p><strong>Filipinas<\/strong> \u00a0<a href=\"mailto:info@safeblood.ph\" target=\"_blank\" rel=\"noopener\">info@safeblood.ph<\/a><br \/>\n<a href=\"https:\/\/safeblood.ph\/en\/location\/news-from-the-countries\/philippines\/\" target=\"_blank\" rel=\"noopener\">https:\/\/safeblood.ph\/en\/location\/news-from-the-countries\/philippines\/<\/a><\/p>\n<p><strong>Tail\u00e2ndia<\/strong> \u00a0<a href=\"mailto:info@safeblood.in.th\" target=\"_blank\" rel=\"noopener\">info@safeblood.in.th<\/a><br \/>\n<a href=\"https:\/\/safeblood.in.th\/en\/location\/news-from-the-countries\/thailand\/\" target=\"_blank\" rel=\"noopener\">https:\/\/safeblood.in.th\/en\/location\/news-from-the-countries\/thailand\/<\/a><\/p>\n<h3>todos os outros pa\u00edses:<\/h3>\n<p><a href=\"mailto:info@safeblood.net\">info@safeblood.net<\/a><\/p>\n<p>mais op\u00e7\u00f5es de contacto em &#8220;<a href=\"https:\/\/safeblood.tv\/pt-pt\/sobre-nos-e-politica-de-privacidade\/\" target=\"_blank\" rel=\"noopener\">Sobre n\u00f3s<\/a>&#8220;[\/vc_column_text][\/vc_column][\/vc_row]\n","protected":false},"excerpt":{"rendered":"<p>[vc_row type=&#8221;in_container&#8221; full_screen_row_position=&#8221;middle&#8221; column_margin=&#8221;default&#8221; column_direction=&#8221;default&#8221; column_direction_tablet=&#8221;default&#8221; column_direction_phone=&#8221;default&#8221; scene_position=&#8221;center&#8221; text_color=&#8221;dark&#8221; text_align=&#8221;left&#8221; row_border_radius=&#8221;none&#8221; row_border_radius_applies=&#8221;bg&#8221; overlay_strength=&#8221;0.3&#8243; gradient_direction=&#8221;left_to_right&#8221; shape_divider_position=&#8221;bottom&#8221; bg_image_animation=&#8221;none&#8221;][vc_column column_padding=&#8221;no-extra-padding&#8221; column_padding_tablet=&#8221;inherit&#8221; column_padding_phone=&#8221;inherit&#8221; column_padding_position=&#8221;all&#8221; column_element_spacing=&#8221;default&#8221; background_color_opacity=&#8221;1&#8243; background_hover_color_opacity=&#8221;1&#8243; column_shadow=&#8221;none&#8221; column_border_radius=&#8221;none&#8221; column_link_target=&#8221;_self&#8221; gradient_direction=&#8221;left_to_right&#8221; overlay_strength=&#8221;0.3&#8243; width=&#8221;1\/2&#8243; tablet_width_inherit=&#8221;default&#8221;&#8230;<\/p>\n","protected":false},"author":2,"featured_media":0,"parent":0,"menu_order":0,"comment_status":"closed","ping_status":"closed","template":"","meta":[],"_links":{"self":[{"href":"https:\/\/safeblood.tv\/pt-pt\/wp-json\/wp\/v2\/pages\/72079"}],"collection":[{"href":"https:\/\/safeblood.tv\/pt-pt\/wp-json\/wp\/v2\/pages"}],"about":[{"href":"https:\/\/safeblood.tv\/pt-pt\/wp-json\/wp\/v2\/types\/page"}],"author":[{"embeddable":true,"href":"https:\/\/safeblood.tv\/pt-pt\/wp-json\/wp\/v2\/users\/2"}],"replies":[{"embeddable":true,"href":"https:\/\/safeblood.tv\/pt-pt\/wp-json\/wp\/v2\/comments?post=72079"}],"version-history":[{"count":7,"href":"https:\/\/safeblood.tv\/pt-pt\/wp-json\/wp\/v2\/pages\/72079\/revisions"}],"predecessor-version":[{"id":81786,"href":"https:\/\/safeblood.tv\/pt-pt\/wp-json\/wp\/v2\/pages\/72079\/revisions\/81786"}],"wp:attachment":[{"href":"https:\/\/safeblood.tv\/pt-pt\/wp-json\/wp\/v2\/media?parent=72079"}],"curies":[{"name":"wp","href":"https:\/\/api.w.org\/{rel}","templated":true}]}}