{"id":77249,"date":"2024-07-15T12:02:15","date_gmt":"2024-07-15T10:02:15","guid":{"rendered":"https:\/\/safeblood.tv\/?page_id=77249"},"modified":"2024-07-26T13:54:21","modified_gmt":"2024-07-26T11:54:21","slug":"terapia","status":"publish","type":"page","link":"https:\/\/safeblood.tv\/pt-pt\/terapia\/","title":{"rendered":"Terapia"},"content":{"rendered":"[vc_row type=&#8221;in_container&#8221; full_screen_row_position=&#8221;middle&#8221; column_margin=&#8221;default&#8221; column_direction=&#8221;default&#8221; column_direction_tablet=&#8221;default&#8221; column_direction_phone=&#8221;default&#8221; scene_position=&#8221;center&#8221; text_color=&#8221;dark&#8221; text_align=&#8221;left&#8221; row_border_radius=&#8221;none&#8221; row_border_radius_applies=&#8221;bg&#8221; overlay_strength=&#8221;0.3&#8243; gradient_direction=&#8221;left_to_right&#8221; shape_divider_position=&#8221;bottom&#8221; bg_image_animation=&#8221;none&#8221;][vc_column column_padding=&#8221;no-extra-padding&#8221; column_padding_tablet=&#8221;inherit&#8221; column_padding_phone=&#8221;inherit&#8221; column_padding_position=&#8221;all&#8221; column_element_spacing=&#8221;default&#8221; background_color_opacity=&#8221;1&#8243; background_hover_color_opacity=&#8221;1&#8243; column_shadow=&#8221;none&#8221; column_border_radius=&#8221;none&#8221; column_link_target=&#8221;_self&#8221; gradient_direction=&#8221;left_to_right&#8221; overlay_strength=&#8221;0.3&#8243; width=&#8221;1\/1&#8243; tablet_width_inherit=&#8221;default&#8221; tablet_text_alignment=&#8221;default&#8221; phone_text_alignment=&#8221;default&#8221; bg_image_animation=&#8221;none&#8221; border_type=&#8221;simple&#8221; column_border_width=&#8221;none&#8221; column_border_style=&#8221;solid&#8221;][vc_column_text css=&#8221;.vc_custom_1721037331724{margin-top: -50px !important;}&#8221;]\n<h2 style=\"text-align: center;\">Terapia: Tratamentos para danos causados por vacina mRNA<\/h2>\n[\/vc_column_text][\/vc_column][\/vc_row][vc_row type=&#8221;in_container&#8221; full_screen_row_position=&#8221;middle&#8221; column_margin=&#8221;default&#8221; column_direction=&#8221;default&#8221; column_direction_tablet=&#8221;default&#8221; column_direction_phone=&#8221;default&#8221; scene_position=&#8221;center&#8221; text_color=&#8221;dark&#8221; text_align=&#8221;left&#8221; row_border_radius=&#8221;none&#8221; row_border_radius_applies=&#8221;bg&#8221; overlay_strength=&#8221;0.3&#8243; gradient_direction=&#8221;left_to_right&#8221; shape_divider_position=&#8221;bottom&#8221; bg_image_animation=&#8221;none&#8221;][vc_column column_padding=&#8221;no-extra-padding&#8221; column_padding_tablet=&#8221;inherit&#8221; column_padding_phone=&#8221;inherit&#8221; column_padding_position=&#8221;all&#8221; column_element_spacing=&#8221;default&#8221; background_color_opacity=&#8221;1&#8243; background_hover_color_opacity=&#8221;1&#8243; column_shadow=&#8221;none&#8221; column_border_radius=&#8221;none&#8221; column_link_target=&#8221;_self&#8221; gradient_direction=&#8221;left_to_right&#8221; overlay_strength=&#8221;0.3&#8243; width=&#8221;1\/1&#8243; tablet_width_inherit=&#8221;default&#8221; tablet_text_alignment=&#8221;default&#8221; phone_text_alignment=&#8221;default&#8221; bg_image_animation=&#8221;none&#8221; border_type=&#8221;simple&#8221; column_border_width=&#8221;none&#8221; column_border_style=&#8221;solid&#8221;][vc_column_text css=&#8221;.vc_custom_1721994859049{margin-top: -20px !important;}&#8221;]Nesta p\u00e1gina encontrar\u00e1 uma compila\u00e7\u00e3o de\u00a0<strong>m\u00e9todos de tratamentos<\/strong>\u00a0<strong>e protocolos<\/strong>\u00a0que provaram ter um efeito positivo na remo\u00e7\u00e3o da contamina\u00e7\u00e3o e dos danos das vacinas de mRNA.<\/p>\n<p>Lembro-me como se tivesse sido ontem. A primeira vez que vi o sangue de uma pessoa vacinada com mRNA ao microsc\u00f3pio de campo escuro, pensei: &#8220;N\u00e3o consigo imaginar como \u00e9 que alguma vez me vou livrar do lixo que vi nesta an\u00e1lise de sangue vivo.&#8221; N\u00e3o s\u00f3 se parecia com o sangue que eu tinha visto em doentes terminais, como tamb\u00e9m continha objectos estranhos, nunca antes vistos. Esta impress\u00e3o levou \u00e0 cria\u00e7\u00e3o da SafeBlood, porque me apercebi que se tratava de uma situa\u00e7\u00e3o de emerg\u00eancia.<br \/>\nHoje, tr\u00eas anos depois, aprendemos muito sobre os tratamentos poss\u00edveis e listamos aqui os m\u00e9todos mais eficazes que conhecemos em diferentes categorias.<\/p>\n<p>&nbsp;<\/p>\n<h3><strong>Quais s\u00e3o os m\u00e9todos mais eficientes?<\/strong><\/h3>\n<p>&nbsp;<\/p>\n<hr \/>\n<h3><strong>Medicina Energ\u00e9tica<\/strong><strong>, terapias de frequ\u00eancia<\/strong><\/h3>\n<p>&#8220;A medicina do futuro ser\u00e1 a medicina das frequ\u00eancias&#8221;, disse Albert Einstein, mesmo antes de poder prever um desastre como as vacinas de mRNA. Penso que ele tem raz\u00e3o e \u00e9 por isso que considero as terapias de frequ\u00eancia a forma mais eficaz de reparar os danos no ADN e desintoxicar os res\u00edduos das vacinas de mRNA.<\/p>\n<p><strong>Os dispositivos de bio-resson\u00e2ncia qu\u00e2ntica da<\/strong> <a href=\"https:\/\/biophotonic.uk\/\" target=\"_blank\" rel=\"noopener\">BioPhotonic<\/a><u>\u00a0<\/u>s\u00e3o um avan\u00e7o na ajuda contra todos os tipos de radia\u00e7\u00e3o, todos os tipos de doen\u00e7as, apoio \u00e0 desintoxica\u00e7\u00e3o e at\u00e9 repara\u00e7\u00e3o do ADN.<br \/>\nN\u00e3o deixe de consultar esta p\u00e1gina: <a href=\"https:\/\/safeblood.net\/pt-pt\/biofotonico-bioressonancia\/\" target=\"_blank\" rel=\"noopener\">https:\/\/safeblood.net\/pt-pt\/biofotonico-bioressonancia\/<\/a>, com c\u00f3digo de desconto para membros do Safeblood e subscritores do boletim informativo.<\/p>\n<p>Os dispositivos para fins terap\u00eauticos s\u00e3o o BioNexus, BioPhotonic and, to a certain extent, the Photonic Wave, que \u00e9 uma combina\u00e7\u00e3o de protec\u00e7\u00e3o e terapia.<\/p>\n<p><em>Pessoalmente, acredito firmemente que os dispositivos BioPhotonic deveriam ser um equipamento padr\u00e3o para qualquer pessoa s\u00e9ria no combate aos danos da vacina\u00e7\u00e3o com mRNA.<\/em><\/p>\n<hr \/>\n<h3><strong>Uma abordagem natural resumida em\u00a0protocolos\u00a0de cientistas especializados, naturopatas, m\u00e9dicos e organiza\u00e7\u00f5es<\/strong>.<\/h3>\n<p>Muitos profissionais m\u00e9dicos excepcionais de todos os tipos investigaram os m\u00e9todos mais eficazes de tratamento de les\u00f5es causadas por vacinas e chegaram todos \u00e0 mesma conclus\u00e3o: N\u00e3o existe um tratamento \u00fanico que conduza \u00e0 recupera\u00e7\u00e3o de les\u00f5es provocadas por vacinas de mRNA. Todos eles chegaram a combina\u00e7\u00f5es dos tratamentos mais importantes, maioritariamente naturop\u00e1ticos, mas n\u00e3o s\u00f3.<\/p>\n<h3><strong>Clique\u00a0<\/strong><a href=\"https:\/\/safeblood.net\/pt-pt\/protocolos-de-tratamento\/\" target=\"_blank\" rel=\"noopener\"><strong>aqui<\/strong><\/a><strong>\u00a0para uma lista de diferentes protocolos<\/strong>,<\/h3>\n<p>que s\u00e3o frequentemente semelhantes, por vezes completamente contr\u00e1rios, mas todos muito completos. Ter\u00e1 de descobrir por si pr\u00f3prio qual \u00e9 o melhor para si. E, provavelmente, at\u00e9 vai querer combin\u00e1-los, talvez tamb\u00e9m com a terapia de frequ\u00eancia.<\/p>\n<hr \/>\n<h3><strong>Cura Espiritual<\/strong><\/h3>\n<p>Na verdade, tamb\u00e9m pertence \u00e0 &#8220;medicina energ\u00e9tica&#8221;, mas, neste caso, \u00e9 independente de quaisquer dispositivos electr\u00f3nicos. Neste caso, confia-se inteiramente num terapeuta, um curandeiro natural, que \u00e9 um curandeiro nato e que pode simplesmente reequilibrar a sua sa\u00fade com a sua energia ou, se desejar, com a energia divina. O sucesso depende principalmente do curandeiro e da qu\u00edmica entre si e ele.<\/p>\n<p>\u00c9 por isso que n\u00e3o existe um link aqui para o m\u00e9todo, mas para a nossa p\u00e1gina\u00a0<a href=\"https:\/\/safeblood.net\/pt-pt\/procura-de-parceiros-medicos\/\" target=\"_blank\" rel=\"noopener\">Encontre um centro m\u00e9dico<\/a>, onde pode procurar directamente terapeutas e curandeiros que ofere\u00e7am este m\u00e9todo.<br \/>\nInfelizmente, ainda s\u00e3o poucos os curandeiros que se registaram aqui. Por isso, se conheceres um bom curandeiro, por favor, diz-lhe que pode ser adicionado a esta lista.<\/p>\n<hr \/>\n<p><strong>Conhece outro m\u00e9todo de tratamento que ainda n\u00e3o conhe\u00e7amos? Por favor, envie-nos um <a href=\"mailto:george@safeblood.net\" target=\"_blank\" rel=\"noopener\">email<\/a>.<\/strong><\/p>\n<p class=\"p1\"><strong>AVISO DE ISEN\u00c7\u00c3O DE RESPONSABILIDADE:<\/strong><\/p>\n<p class=\"p1\">A SAFE BLOOD DONATION N\u00c3O FORNECE ACONSELHAMENTO M\u00c9DICO.<\/p>\n<p class=\"p1\">As informa\u00e7\u00f5es, incluindo, mas n\u00e3o se limitando a, texto, gr\u00e1ficos, imagens e outros materiais publicados ou transmitidos pela Safe Blood Donation e pelos seus afiliados, directores, administradores, gestores, funcion\u00e1rios ou outros representantes, destinam-se apenas a fins informativos. Nenhum material se destina a substituir o aconselhamento, diagn\u00f3stico ou tratamento m\u00e9dico profissional. Procure sempre o conselho do seu prestador de cuidados de sa\u00fade de confian\u00e7a com quaisquer d\u00favidas que possa ter em rela\u00e7\u00e3o a uma condi\u00e7\u00e3o m\u00e9dica ou tratamento e antes de iniciar um novo regime de cuidados de sa\u00fade e nunca desconsidere o conselho m\u00e9dico profissional ou demore a procur\u00e1-lo por causa de algo que tenha lido ou visto em qualquer publica\u00e7\u00e3o ou transmiss\u00e3o da Safe Blood Donation.<\/p>\n[\/vc_column_text][\/vc_column][\/vc_row]\n","protected":false},"excerpt":{"rendered":"<p>[vc_row type=&#8221;in_container&#8221; full_screen_row_position=&#8221;middle&#8221; column_margin=&#8221;default&#8221; column_direction=&#8221;default&#8221; column_direction_tablet=&#8221;default&#8221; column_direction_phone=&#8221;default&#8221; scene_position=&#8221;center&#8221; text_color=&#8221;dark&#8221; text_align=&#8221;left&#8221; row_border_radius=&#8221;none&#8221; row_border_radius_applies=&#8221;bg&#8221; overlay_strength=&#8221;0.3&#8243; gradient_direction=&#8221;left_to_right&#8221; shape_divider_position=&#8221;bottom&#8221; bg_image_animation=&#8221;none&#8221;][vc_column column_padding=&#8221;no-extra-padding&#8221; column_padding_tablet=&#8221;inherit&#8221; column_padding_phone=&#8221;inherit&#8221; column_padding_position=&#8221;all&#8221; column_element_spacing=&#8221;default&#8221; background_color_opacity=&#8221;1&#8243; background_hover_color_opacity=&#8221;1&#8243; column_shadow=&#8221;none&#8221; column_border_radius=&#8221;none&#8221; column_link_target=&#8221;_self&#8221; gradient_direction=&#8221;left_to_right&#8221; overlay_strength=&#8221;0.3&#8243; width=&#8221;1\/1&#8243; tablet_width_inherit=&#8221;default&#8221;&#8230;<\/p>\n","protected":false},"author":2,"featured_media":0,"parent":0,"menu_order":0,"comment_status":"closed","ping_status":"closed","template":"","meta":[],"_links":{"self":[{"href":"https:\/\/safeblood.tv\/pt-pt\/wp-json\/wp\/v2\/pages\/77249"}],"collection":[{"href":"https:\/\/safeblood.tv\/pt-pt\/wp-json\/wp\/v2\/pages"}],"about":[{"href":"https:\/\/safeblood.tv\/pt-pt\/wp-json\/wp\/v2\/types\/page"}],"author":[{"embeddable":true,"href":"https:\/\/safeblood.tv\/pt-pt\/wp-json\/wp\/v2\/users\/2"}],"replies":[{"embeddable":true,"href":"https:\/\/safeblood.tv\/pt-pt\/wp-json\/wp\/v2\/comments?post=77249"}],"version-history":[{"count":4,"href":"https:\/\/safeblood.tv\/pt-pt\/wp-json\/wp\/v2\/pages\/77249\/revisions"}],"predecessor-version":[{"id":77423,"href":"https:\/\/safeblood.tv\/pt-pt\/wp-json\/wp\/v2\/pages\/77249\/revisions\/77423"}],"wp:attachment":[{"href":"https:\/\/safeblood.tv\/pt-pt\/wp-json\/wp\/v2\/media?parent=77249"}],"curies":[{"name":"wp","href":"https:\/\/api.w.org\/{rel}","templated":true}]}}